{"id":403,"date":"2020-08-24T07:20:37","date_gmt":"2020-08-24T10:20:37","guid":{"rendered":"https:\/\/auraformacion.com.ar\/index.php\/what-we-do\/"},"modified":"2023-02-08T11:38:12","modified_gmt":"2023-02-08T14:38:12","slug":"consultoria","status":"publish","type":"page","link":"https:\/\/auraformacion.com.ar\/index.php\/consultoria\/","title":{"rendered":"Consultor\u00eda"},"content":{"rendered":"\n<div class=\"wp-block-cover alignfull is-light has-parallax is-position-center-center\" style=\"background-image:url(https:\/\/auraformacion.com.ar\/wp-content\/uploads\/2021\/06\/2.jpg);min-height:500px;aspect-ratio:unset;\"><span aria-hidden=\"true\" class=\"has-vivid-purple-background-color wp-block-cover__gradient-background has-background-dim\"><\/span><div class=\"wp-block-cover__inner-container is-layout-flow wp-block-cover-is-layout-flow\">\n<p class=\"has-text-align-center has-white-color has-text-color\"><strong>               TRABAJAMOS PARA UNA<\/strong><\/p>\n\n\n\n<h1 class=\"has-text-align-center has-white-color has-text-color wp-block-heading\">FORMACI\u00d3N INTEGRAL<\/h1>\n<\/div><\/div>\n\n\n\n<div class=\"wp-block-group alignfull has-background is-layout-flow wp-block-group-is-layout-flow\" style=\"background-color:#fbf7f7\"><div class=\"wp-block-group__inner-container\">\n<h4 class=\"has-text-align-center wp-block-heading\"><mark style=\"background-color:rgba(0, 0, 0, 0)\" class=\"has-inline-color has-black-color\">Podemos brindarte asesoramiento personal y organizacional<\/mark><\/h4>\n<\/div><\/div>\n\n\n\n<p><\/p>\n\n\n\n<h4 class=\"has-text-align-center wp-block-heading\"><strong><mark style=\"background-color:rgba(0, 0, 0, 0)\" class=\"has-inline-color has-vivid-purple-color\">Encuentra lo que est\u00e1s buscando<\/mark><\/strong>.<\/h4>\n\n\n\n<p class=\"has-text-align-center\"><strong><mark style=\"background-color:rgba(0, 0, 0, 0)\" class=\"has-inline-color has-black-color\">Adaptamos cada una de las siguientes formaciones la necesidad y requerimiento de tu organizaci\u00f3n<\/mark><\/strong>:<\/p>\n\n\n\n<p><\/p>\n\n\n\n<div style=\"height:50px\" aria-hidden=\"true\" class=\"wp-block-spacer\"><\/div>\n\n\n\n<h3 class=\"has-text-align-center wp-block-heading\"><strong><span class=\"has-inline-color has-vivid-purple-color\">NEUROCIENCIAS<\/span><\/strong><\/h3>\n\n\n\n<div class=\"wp-block-media-text alignfull has-media-on-the-right is-stacked-on-mobile is-vertically-aligned-center\" style=\"grid-template-columns:auto 41%\"><figure class=\"wp-block-media-text__media\"><img loading=\"lazy\" decoding=\"async\" width=\"960\" height=\"720\" src=\"https:\/\/auraformacion.com.ar\/wp-content\/uploads\/2021\/06\/16.jpg\" alt=\"\" class=\"wp-image-1740 size-full\" srcset=\"https:\/\/auraformacion.com.ar\/wp-content\/uploads\/2021\/06\/16.jpg 960w, https:\/\/auraformacion.com.ar\/wp-content\/uploads\/2021\/06\/16-600x450.jpg 600w, https:\/\/auraformacion.com.ar\/wp-content\/uploads\/2021\/06\/16-300x225.jpg 300w, https:\/\/auraformacion.com.ar\/wp-content\/uploads\/2021\/06\/16-768x576.jpg 768w\" sizes=\"auto, (max-width: 960px) 100vw, 960px\" \/><\/figure><div class=\"wp-block-media-text__content\">\n<ul class=\"wp-block-list\"><li>Curso de Inteligencia Emocional (20 Hs. reloj)<\/li><li>Curso de T\u00e9cnicas de Estudio desde la Inteligencia Emocional (20 Hs. reloj)<\/li><li>Curso de Gesti\u00f3n y Bienestar Emocional (16 Hs. reloj)<\/li><li>Seminario C\u00f3mo aprende el cerebro emocional (3 Hs. reloj)<\/li><li>Seminario Mejora tu rendimiento acad\u00e9mico (3 Hs. reloj)<\/li><li>Seminario de Educaci\u00f3n emocional (3 Hs. reloj)<\/li><li>Seminario Ampl\u00eda tu zona de confort (3 Hs. reloj)<\/li><li>Seminario de T\u00e9cnicas de estudio \u2013 abordaje desde las Neurociencias (3 Hs. reloj)<\/li><li>Seminario Comprendiendo la inteligencia emocional (2 Hs. reloj)<\/li><li>Seminario de Bienestar emocional (3 Hs. reloj)<\/li><\/ul>\n<\/div><\/div>\n\n\n\n<div class=\"wp-block-media-text alignfull is-stacked-on-mobile is-vertically-aligned-center\" style=\"grid-template-columns:38% auto\"><figure class=\"wp-block-media-text__media\"><img loading=\"lazy\" decoding=\"async\" width=\"860\" height=\"510\" src=\"https:\/\/auraformacion.com.ar\/wp-content\/uploads\/2021\/06\/42-1.jpg\" alt=\"\" class=\"wp-image-1749 size-full\" srcset=\"https:\/\/auraformacion.com.ar\/wp-content\/uploads\/2021\/06\/42-1.jpg 860w, https:\/\/auraformacion.com.ar\/wp-content\/uploads\/2021\/06\/42-1-600x356.jpg 600w, https:\/\/auraformacion.com.ar\/wp-content\/uploads\/2021\/06\/42-1-300x178.jpg 300w, https:\/\/auraformacion.com.ar\/wp-content\/uploads\/2021\/06\/42-1-768x455.jpg 768w\" sizes=\"auto, (max-width: 860px) 100vw, 860px\" \/><\/figure><div class=\"wp-block-media-text__content\">\n<div style=\"height:37px\" aria-hidden=\"true\" class=\"wp-block-spacer\"><\/div>\n\n\n\n<h5 class=\"has-text-align-left wp-block-heading\"><strong><span class=\"has-inline-color has-black-color\">Ciclo de conferencias: Hablemos de Inteligencia Emocional<\/span><\/strong><\/h5>\n\n\n\n<ul class=\"wp-block-list\"><li>Introducci\u00f3n a las Neurociencias (1 \u00bd Hs. reloj)<\/li><li>Concientizar las emociones (1 \u00bd Hs. reloj)<\/li><li>Posibilitar el cambio (1 \u00bd Hs. reloj)<\/li><li>Liderazgo motivacional (1 \u00bd Hs. reloj)<\/li><\/ul>\n\n\n\n<h5 class=\"wp-block-heading\"><strong><span class=\"has-inline-color has-black-color\">Ciclo de conferencias de Bienestar Emocional<\/span><\/strong><\/h5>\n\n\n\n<ul class=\"wp-block-list\"><li>Comprender las emociones y los fen\u00f3menos emocionales (1 \u00bd Hs. reloj)<\/li><li>Haciendo foco en el cambio emocional (1 \u00bd Hs. reloj)<\/li><li>La salud y la enfermedad desde el plano emocional (1 \u00bd Hs. reloj)<\/li><li>Aprender a interpretar los mensajes del cuerpo (1 \u00bd Hs. reloj)<\/li><li>Reprogramar nuestra mente (1 \u00bd Hs. reloj)<\/li><li>Fortalecer la autoestima (1 \u00bd Hs. reloj)<\/li><li>Comprendiendo la felicidad (1 \u00bd Hs. reloj)<\/li><\/ul>\n<\/div><\/div>\n\n\n\n<hr class=\"wp-block-separator is-style-wide\"\/>\n\n\n\n<h3 class=\"has-text-align-center wp-block-heading\"><strong><mark style=\"background-color:rgba(0, 0, 0, 0)\" class=\"has-inline-color has-vivid-purple-color\">COMUNICACI\u00d3N Y FORMACI\u00d3N<\/mark><\/strong><\/h3>\n\n\n\n<div class=\"wp-block-media-text alignfull has-media-on-the-right is-stacked-on-mobile\" style=\"grid-template-columns:auto 42%\"><figure class=\"wp-block-media-text__media\"><img loading=\"lazy\" decoding=\"async\" width=\"960\" height=\"720\" src=\"https:\/\/auraformacion.com.ar\/wp-content\/uploads\/2021\/06\/43.jpg\" alt=\"\" class=\"wp-image-1754 size-full\" srcset=\"https:\/\/auraformacion.com.ar\/wp-content\/uploads\/2021\/06\/43.jpg 960w, https:\/\/auraformacion.com.ar\/wp-content\/uploads\/2021\/06\/43-600x450.jpg 600w, https:\/\/auraformacion.com.ar\/wp-content\/uploads\/2021\/06\/43-300x225.jpg 300w, https:\/\/auraformacion.com.ar\/wp-content\/uploads\/2021\/06\/43-768x576.jpg 768w\" sizes=\"auto, (max-width: 960px) 100vw, 960px\" \/><\/figure><div class=\"wp-block-media-text__content\">\n<ul class=\"wp-block-list\"><li>Curso de Oratoria \u2013 Nivel B\u00e1sico (30 Hs. reloj)<\/li><li>Curso de Oratoria Persuasiva (20 Hs. reloj)<\/li><li>Curso de redacci\u00f3n acad\u00e9mica (20 Hs. reloj)<\/li><li>Curso Las TIC como nuevo lenguaje de comunicaci\u00f3n y educaci\u00f3n. (12 Hs. reloj)<\/li><li>Introducci\u00f3n a la ense\u00f1anza universitaria. (12 Hs. reloj)<\/li><li>Taller de Radio (16 Hs. reloj)<\/li><li>Taller de Pr\u00e1ctica discursiva (16 Hs. reloj)<\/li><li>Seminario de Conversaci\u00f3n efectiva (3 Hs. reloj)<\/li><li>Seminario de Oratoria emocional (3 Hs. reloj)<\/li><li>Seminario de Comunicaci\u00f3n asertiva (3 Hs. reloj)<\/li><li>Seminario Generando impacto positivo en tus presentaciones (3 Hs. reloj)<\/li><li>Seminario de Oratoria para ventas (5 Hs. reloj)<\/li><li>Seminario de Atenci\u00f3n al cliente (4 Hs. reloj)<\/li><\/ul>\n<\/div><\/div>\n\n\n\n<hr class=\"wp-block-separator is-style-wide\"\/>\n\n\n\n<h3 class=\"has-text-align-center wp-block-heading\"><strong><span class=\"has-inline-color has-vivid-purple-color\">LIDERAZGO<\/span><\/strong><\/h3>\n\n\n\n<div class=\"wp-block-media-text alignfull has-media-on-the-right is-stacked-on-mobile is-vertically-aligned-center\" style=\"grid-template-columns:auto 40%\"><figure class=\"wp-block-media-text__media\"><img loading=\"lazy\" decoding=\"async\" width=\"960\" height=\"540\" src=\"https:\/\/auraformacion.com.ar\/wp-content\/uploads\/2021\/06\/34-1.jpg\" alt=\"\" class=\"wp-image-1755 size-full\" srcset=\"https:\/\/auraformacion.com.ar\/wp-content\/uploads\/2021\/06\/34-1.jpg 960w, https:\/\/auraformacion.com.ar\/wp-content\/uploads\/2021\/06\/34-1-600x338.jpg 600w, https:\/\/auraformacion.com.ar\/wp-content\/uploads\/2021\/06\/34-1-300x169.jpg 300w, https:\/\/auraformacion.com.ar\/wp-content\/uploads\/2021\/06\/34-1-768x432.jpg 768w\" sizes=\"auto, (max-width: 960px) 100vw, 960px\" \/><\/figure><div class=\"wp-block-media-text__content\">\n<ul class=\"wp-block-list\"><li>Curso taller Construyendo mi proyecto de vida (12 Hs. reloj)<\/li><li>Curso de Neuroliderazgo (20 Hs. reloj)<\/li><li>Curso de Marketing Personal (20 Hs. reloj)<\/li><li>Curso de Neuromarketing para Emprendedores (20 Hs. reloj)<\/li><li>Seminario de Liderazgo emocional (2 Hs. reloj)<\/li><li>Seminario de Liderazgo motivacional (8 Hs. reloj)<\/li><li>Seminario \u201cEncamine su \u00c9xito: Mejore su Imagen Personal\u201d. (3 Hs. reloj)<\/li><li>Taller Automotivaci\u00f3n y liderazgo personal (2 Hs. reloj)<\/li><li>Seminario Posibilita el cambio desde el autoliderazgo emocional (2 Hs. reloj)<\/li><li>Seminario de Resoluci\u00f3n de Conflictos (2 Hs. reloj)<\/li><\/ul>\n<\/div><\/div>\n\n\n\n<hr class=\"wp-block-separator is-style-wide\"\/>\n\n\n\n<h3 class=\"has-text-align-center wp-block-heading\"><strong><span class=\"has-inline-color has-vivid-purple-color\">COACHING ONTOL\u00d3GICO<\/span><\/strong><\/h3>\n\n\n\n<div class=\"wp-block-media-text alignfull is-stacked-on-mobile\"><figure class=\"wp-block-media-text__media\"><img loading=\"lazy\" decoding=\"async\" width=\"960\" height=\"545\" src=\"https:\/\/auraformacion.com.ar\/wp-content\/uploads\/2021\/06\/24-1.jpg\" alt=\"\" class=\"wp-image-1756 size-full\" srcset=\"https:\/\/auraformacion.com.ar\/wp-content\/uploads\/2021\/06\/24-1.jpg 960w, https:\/\/auraformacion.com.ar\/wp-content\/uploads\/2021\/06\/24-1-600x341.jpg 600w, https:\/\/auraformacion.com.ar\/wp-content\/uploads\/2021\/06\/24-1-300x170.jpg 300w, https:\/\/auraformacion.com.ar\/wp-content\/uploads\/2021\/06\/24-1-768x436.jpg 768w\" sizes=\"auto, (max-width: 960px) 100vw, 960px\" \/><\/figure><div class=\"wp-block-media-text__content\">\n<ul class=\"wp-block-list\"><li>Curso de Autocoaching y Desarrollo Personal (20 Hs. reloj)<\/li><li>Curso de Planificaci\u00f3n y gesti\u00f3n del tiempo (8 Hs. reloj)<\/li><li>Seminario de Toma de decisiones (3 Hs. reloj)<\/li><li>Seminario de Autocoaching \u201cLidera tu vida\u201d (3 Hs. reloj)<\/li><li>Seminario Apuntando a mis metas (2 Hs. reloj)<\/li><li>Seminario Supera la postergaci\u00f3n (2 Hs. reloj)<\/li><\/ul>\n<\/div><\/div>\n\n\n\n<pre class=\"wp-block-verse has-text-align-center\"><strong><mark style=\"background-color:rgba(0, 0, 0, 0)\" class=\"has-inline-color has-vivid-purple-color\">\"El \u00e9xito llega para todos aquellos que est\u00e1n ocupados busc\u00e1ndolo\".<\/mark><\/strong>\n<mark style=\"background-color:rgba(0, 0, 0, 0)\" class=\"has-inline-color has-vivid-purple-color\"><em>Henry Thoreau<\/em><\/mark><\/pre>\n","protected":false},"excerpt":{"rendered":"<p>Podemos brindarte asesoramiento personal y organizacional Encuentra lo que est\u00e1s buscando. Adaptamos cada una de las siguientes formaciones la necesidad y requerimiento de tu organizaci\u00f3n: NEUROCIENCIAS Curso de Inteligencia Emocional (20 Hs. reloj) Curso de T\u00e9cnicas de Estudio desde la Inteligencia Emocional (20 Hs. reloj) Curso de Gesti\u00f3n y Bienestar Emocional (16 Hs. reloj) Seminario [&hellip;]<\/p>\n","protected":false},"author":1,"featured_media":0,"parent":0,"menu_order":0,"comment_status":"closed","ping_status":"closed","template":"","meta":{"site-sidebar-layout":"default","site-content-layout":"plain-container","ast-site-content-layout":"default","site-content-style":"default","site-sidebar-style":"default","ast-global-header-display":"","ast-banner-title-visibility":"","ast-main-header-display":"","ast-hfb-above-header-display":"","ast-hfb-below-header-display":"","ast-hfb-mobile-header-display":"","site-post-title":"disabled","ast-breadcrumbs-content":"","ast-featured-img":"","footer-sml-layout":"","ast-disable-related-posts":"","theme-transparent-header-meta":"enabled","adv-header-id-meta":"","stick-header-meta":"","header-above-stick-meta":"","header-main-stick-meta":"","header-below-stick-meta":"","astra-migrate-meta-layouts":"default","ast-page-background-enabled":"default","ast-page-background-meta":{"desktop":{"background-color":"","background-image":"","background-repeat":"repeat","background-position":"center center","background-size":"auto","background-attachment":"scroll","background-type":"","background-media":"","overlay-type":"","overlay-color":"","overlay-opacity":"","overlay-gradient":""},"tablet":{"background-color":"","background-image":"","background-repeat":"repeat","background-position":"center center","background-size":"auto","background-attachment":"scroll","background-type":"","background-media":"","overlay-type":"","overlay-color":"","overlay-opacity":"","overlay-gradient":""},"mobile":{"background-color":"","background-image":"","background-repeat":"repeat","background-position":"center center","background-size":"auto","background-attachment":"scroll","background-type":"","background-media":"","overlay-type":"","overlay-color":"","overlay-opacity":"","overlay-gradient":""}},"ast-content-background-meta":{"desktop":{"background-color":"var(--ast-global-color-5)","background-image":"","background-repeat":"repeat","background-position":"center center","background-size":"auto","background-attachment":"scroll","background-type":"","background-media":"","overlay-type":"","overlay-color":"","overlay-opacity":"","overlay-gradient":""},"tablet":{"background-color":"var(--ast-global-color-5)","background-image":"","background-repeat":"repeat","background-position":"center center","background-size":"auto","background-attachment":"scroll","background-type":"","background-media":"","overlay-type":"","overlay-color":"","overlay-opacity":"","overlay-gradient":""},"mobile":{"background-color":"var(--ast-global-color-5)","background-image":"","background-repeat":"repeat","background-position":"center center","background-size":"auto","background-attachment":"scroll","background-type":"","background-media":"","overlay-type":"","overlay-color":"","overlay-opacity":"","overlay-gradient":""}},"footnotes":""},"class_list":["post-403","page","type-page","status-publish","hentry"],"_links":{"self":[{"href":"https:\/\/auraformacion.com.ar\/index.php\/wp-json\/wp\/v2\/pages\/403","targetHints":{"allow":["GET"]}}],"collection":[{"href":"https:\/\/auraformacion.com.ar\/index.php\/wp-json\/wp\/v2\/pages"}],"about":[{"href":"https:\/\/auraformacion.com.ar\/index.php\/wp-json\/wp\/v2\/types\/page"}],"author":[{"embeddable":true,"href":"https:\/\/auraformacion.com.ar\/index.php\/wp-json\/wp\/v2\/users\/1"}],"replies":[{"embeddable":true,"href":"https:\/\/auraformacion.com.ar\/index.php\/wp-json\/wp\/v2\/comments?post=403"}],"version-history":[{"count":60,"href":"https:\/\/auraformacion.com.ar\/index.php\/wp-json\/wp\/v2\/pages\/403\/revisions"}],"predecessor-version":[{"id":2445,"href":"https:\/\/auraformacion.com.ar\/index.php\/wp-json\/wp\/v2\/pages\/403\/revisions\/2445"}],"wp:attachment":[{"href":"https:\/\/auraformacion.com.ar\/index.php\/wp-json\/wp\/v2\/media?parent=403"}],"curies":[{"name":"wp","href":"https:\/\/api.w.org\/{rel}","templated":true}]}}