{"id":357,"date":"2020-08-24T06:54:14","date_gmt":"2020-08-24T09:54:14","guid":{"rendered":"https:\/\/auraformacion.com.ar\/index.php\/about-us\/"},"modified":"2026-01-09T10:41:13","modified_gmt":"2026-01-09T13:41:13","slug":"quienessomos","status":"publish","type":"page","link":"https:\/\/auraformacion.com.ar\/index.php\/quienessomos\/","title":{"rendered":"Qui\u00e9nes somos"},"content":{"rendered":"\n<div class=\"wp-block-cover alignfull is-light has-parallax is-position-center-center\" style=\"min-height:500px;aspect-ratio:unset;\"><div class=\"wp-block-cover__image-background wp-image-1591 has-parallax\" style=\"background-position:50% 50%;background-image:url(https:\/\/auraformacion.com.ar\/wp-content\/uploads\/2021\/06\/15-e1625514649706.jpg)\"><\/div><span aria-hidden=\"true\" class=\"wp-block-cover__background has-vivid-purple-background-color has-background-dim-40 has-background-dim\"><\/span><div class=\"wp-block-cover__inner-container is-layout-flow wp-block-cover-is-layout-flow\">\n<p><\/p>\n\n\n\n<h1 class=\"wp-block-heading has-text-align-center has-white-color has-text-color\">Qui\u00e9nes somos<\/h1>\n<\/div><\/div>\n\n\n\n<div class=\"wp-block-group alignfull has-background is-layout-flow wp-block-group-is-layout-flow\" style=\"background-color:#fbf7f7\"><div class=\"wp-block-group__inner-container\">\n<h4 class=\"wp-block-heading has-text-align-center\"><mark style=\"background-color:rgba(0, 0, 0, 0)\" class=\"has-inline-color has-black-color\">AURA es una propuesta de formaci\u00f3n que naci\u00f3 en 2006 con el objetivo de acompa\u00f1ar a profesionales en la consecuci\u00f3n del desarrollo integral de sus potencialidades. <\/mark><\/h4>\n<\/div><\/div>\n\n\n\n<div class=\"wp-block-media-text alignfull is-stacked-on-mobile\" style=\"grid-template-columns:25% auto\"><figure class=\"wp-block-media-text__media\"><img loading=\"lazy\" decoding=\"async\" width=\"768\" height=\"1024\" src=\"https:\/\/auraformacion.com.ar\/wp-content\/uploads\/2021\/06\/41-768x1024.jpg\" alt=\"\" class=\"wp-image-1704 size-full\" srcset=\"https:\/\/auraformacion.com.ar\/wp-content\/uploads\/2021\/06\/41-768x1024.jpg 768w, https:\/\/auraformacion.com.ar\/wp-content\/uploads\/2021\/06\/41-600x800.jpg 600w, https:\/\/auraformacion.com.ar\/wp-content\/uploads\/2021\/06\/41-225x300.jpg 225w, https:\/\/auraformacion.com.ar\/wp-content\/uploads\/2021\/06\/41.jpg 810w\" sizes=\"auto, (max-width: 768px) 100vw, 768px\" \/><\/figure><div class=\"wp-block-media-text__content\">\n<h3 class=\"wp-block-heading has-text-align-center\"><strong><span class=\"has-inline-color has-vivid-purple-color\">Fabiana Ruiz<\/span><\/strong><\/h3>\n\n\n\n<p class=\"has-text-align-center\"><br>Te doy la bienvenida al sitio web y te invito a transitar juntos el camino de tu formaci\u00f3n personal y profesional.<\/p>\n\n\n\n<p class=\"has-text-align-center\">Soy Fabiana Ruiz y tengo el gusto de haber iniciado este proyecto hace ya muchos a\u00f1os.<\/p>\n\n\n\n<hr class=\"wp-block-separator has-alpha-channel-opacity\"\/>\n\n\n\n<p>Me gradu\u00e9 como Licenciada en Comunicaci\u00f3n Social de la Universidad Nacional de C\u00f3rdoba, Profesora Universitaria en la UNNE y Especialista en Docencia Universitaria en UCASAL\/UCSE\/UNSTA. Soy Neurosicoeducadora y Coach Ontol\u00f3gico. Cuento con una Diplomatura en Educaci\u00f3n Superior y Universitaria y una Diplomatura en Aplicaci\u00f3n de Recursos Tecnol\u00f3gicos para Aulas Virtuales. Actualmente doctorando en ciencias sociales.<\/p>\n\n\n\n<p>Desde hace 26 a\u00f1os me dedico a la formaci\u00f3n integral y desarrollo personal de profesionales.<\/p>\n\n\n\n<p>Actualmente soy docente universitaria en la UCASAL y el IUPS. He dictado capacitaciones en las facultades de Ciencias Econ\u00f3micas, Humanidades, Ingenier\u00eda y Ciencias Agrarias de la Universidad Nacional de Jujuy. Adem\u00e1s de brindar servicios de asesor\u00eda, coaching y capacitaciones a empresas e instituciones educativas.<\/p>\n\n\n\n<p><\/p>\n\n\n\n<p><\/p>\n\n\n\n<hr class=\"wp-block-separator has-css-opacity aligncenter is-style-wide\"\/>\n<\/div><\/div>\n\n\n\n<pre class=\"wp-block-verse has-text-align-center has-vivid-purple-color has-text-color\"><mark style=\"background-color:rgba(0, 0, 0, 0)\" class=\"has-inline-color has-vivid-purple-color\"><strong>\"Somos lo que hacemos de forma repetida. La excelencia no es un acto sino un h\u00e1bito\".<\/strong><\/mark>\n<em>Arist\u00f3teles<\/em><\/pre>\n","protected":false},"excerpt":{"rendered":"<p>AURA es una propuesta de formaci\u00f3n que naci\u00f3 en 2006 con el objetivo de acompa\u00f1ar a profesionales en la consecuci\u00f3n del desarrollo integral de sus potencialidades. &#8220;Somos lo que hacemos de forma repetida. La excelencia no es un acto sino un h\u00e1bito&#8221;. Arist\u00f3teles<\/p>\n","protected":false},"author":1,"featured_media":0,"parent":0,"menu_order":0,"comment_status":"closed","ping_status":"closed","template":"","meta":{"site-sidebar-layout":"default","site-content-layout":"plain-container","ast-site-content-layout":"normal-width-container","site-content-style":"unboxed","site-sidebar-style":"unboxed","ast-global-header-display":"","ast-banner-title-visibility":"","ast-main-header-display":"","ast-hfb-above-header-display":"","ast-hfb-below-header-display":"","ast-hfb-mobile-header-display":"","site-post-title":"disabled","ast-breadcrumbs-content":"","ast-featured-img":"","footer-sml-layout":"","ast-disable-related-posts":"","theme-transparent-header-meta":"enabled","adv-header-id-meta":"","stick-header-meta":"","header-above-stick-meta":"","header-main-stick-meta":"","header-below-stick-meta":"","astra-migrate-meta-layouts":"set","ast-page-background-enabled":"default","ast-page-background-meta":{"desktop":{"background-color":"","background-image":"","background-repeat":"repeat","background-position":"center center","background-size":"auto","background-attachment":"scroll","background-type":"","background-media":"","overlay-type":"","overlay-color":"","overlay-opacity":"","overlay-gradient":""},"tablet":{"background-color":"","background-image":"","background-repeat":"repeat","background-position":"center center","background-size":"auto","background-attachment":"scroll","background-type":"","background-media":"","overlay-type":"","overlay-color":"","overlay-opacity":"","overlay-gradient":""},"mobile":{"background-color":"","background-image":"","background-repeat":"repeat","background-position":"center center","background-size":"auto","background-attachment":"scroll","background-type":"","background-media":"","overlay-type":"","overlay-color":"","overlay-opacity":"","overlay-gradient":""}},"ast-content-background-meta":{"desktop":{"background-color":"var(--ast-global-color-5)","background-image":"","background-repeat":"repeat","background-position":"center center","background-size":"auto","background-attachment":"scroll","background-type":"","background-media":"","overlay-type":"","overlay-color":"","overlay-opacity":"","overlay-gradient":""},"tablet":{"background-color":"var(--ast-global-color-5)","background-image":"","background-repeat":"repeat","background-position":"center center","background-size":"auto","background-attachment":"scroll","background-type":"","background-media":"","overlay-type":"","overlay-color":"","overlay-opacity":"","overlay-gradient":""},"mobile":{"background-color":"var(--ast-global-color-5)","background-image":"","background-repeat":"repeat","background-position":"center center","background-size":"auto","background-attachment":"scroll","background-type":"","background-media":"","overlay-type":"","overlay-color":"","overlay-opacity":"","overlay-gradient":""}},"footnotes":""},"class_list":["post-357","page","type-page","status-publish","hentry"],"_links":{"self":[{"href":"https:\/\/auraformacion.com.ar\/index.php\/wp-json\/wp\/v2\/pages\/357","targetHints":{"allow":["GET"]}}],"collection":[{"href":"https:\/\/auraformacion.com.ar\/index.php\/wp-json\/wp\/v2\/pages"}],"about":[{"href":"https:\/\/auraformacion.com.ar\/index.php\/wp-json\/wp\/v2\/types\/page"}],"author":[{"embeddable":true,"href":"https:\/\/auraformacion.com.ar\/index.php\/wp-json\/wp\/v2\/users\/1"}],"replies":[{"embeddable":true,"href":"https:\/\/auraformacion.com.ar\/index.php\/wp-json\/wp\/v2\/comments?post=357"}],"version-history":[{"count":34,"href":"https:\/\/auraformacion.com.ar\/index.php\/wp-json\/wp\/v2\/pages\/357\/revisions"}],"predecessor-version":[{"id":2554,"href":"https:\/\/auraformacion.com.ar\/index.php\/wp-json\/wp\/v2\/pages\/357\/revisions\/2554"}],"wp:attachment":[{"href":"https:\/\/auraformacion.com.ar\/index.php\/wp-json\/wp\/v2\/media?parent=357"}],"curies":[{"name":"wp","href":"https:\/\/api.w.org\/{rel}","templated":true}]}}