{"id":2328,"date":"2022-06-07T12:46:48","date_gmt":"2022-06-07T15:46:48","guid":{"rendered":"https:\/\/auraformacion.com.ar\/?page_id=2328"},"modified":"2022-06-09T09:34:10","modified_gmt":"2022-06-09T12:34:10","slug":"curso-de-neuroliderazgo","status":"publish","type":"page","link":"https:\/\/auraformacion.com.ar\/index.php\/curso-de-neuroliderazgo\/","title":{"rendered":"Curso de Neuroliderazgo"},"content":{"rendered":"\n<div class=\"wp-block-cover is-light\" style=\"min-height:450px;aspect-ratio:unset;\"><span aria-hidden=\"true\" class=\"has-vivid-purple-background-color wp-block-cover__gradient-background has-background-dim\"><\/span><img loading=\"lazy\" decoding=\"async\" width=\"1400\" height=\"737\" class=\"wp-block-cover__image-background wp-image-2329\" alt=\"\" src=\"https:\/\/auraformacion.com.ar\/wp-content\/uploads\/2022\/06\/neuroliderazgo.jpg\" data-object-fit=\"cover\" srcset=\"https:\/\/auraformacion.com.ar\/wp-content\/uploads\/2022\/06\/neuroliderazgo.jpg 1400w, https:\/\/auraformacion.com.ar\/wp-content\/uploads\/2022\/06\/neuroliderazgo-300x158.jpg 300w, https:\/\/auraformacion.com.ar\/wp-content\/uploads\/2022\/06\/neuroliderazgo-1024x539.jpg 1024w, https:\/\/auraformacion.com.ar\/wp-content\/uploads\/2022\/06\/neuroliderazgo-768x404.jpg 768w, https:\/\/auraformacion.com.ar\/wp-content\/uploads\/2022\/06\/neuroliderazgo-1320x695.jpg 1320w, https:\/\/auraformacion.com.ar\/wp-content\/uploads\/2022\/06\/neuroliderazgo-600x316.jpg 600w\" sizes=\"auto, (max-width: 1400px) 100vw, 1400px\" \/><div class=\"wp-block-cover__inner-container is-layout-flow wp-block-cover-is-layout-flow\">\n<h2 class=\"has-text-align-center has-white-color has-text-color wp-block-heading\">Curso de Neuroliderazgo<\/h2>\n<\/div><\/div>\n\n\n\n<div style=\"height:60px\" aria-hidden=\"true\" class=\"wp-block-spacer\"><\/div>\n\n\n\n<div class=\"wp-block-media-text alignwide is-stacked-on-mobile is-vertically-aligned-top\"><figure class=\"wp-block-media-text__media\"><img loading=\"lazy\" decoding=\"async\" width=\"1024\" height=\"1024\" src=\"https:\/\/auraformacion.com.ar\/wp-content\/uploads\/2022\/06\/CURSO-DE-NEUROLIDERAZGO-2-1024x1024.png\" alt=\"\" class=\"wp-image-2331 size-full\" srcset=\"https:\/\/auraformacion.com.ar\/wp-content\/uploads\/2022\/06\/CURSO-DE-NEUROLIDERAZGO-2-1024x1024.png 1024w, https:\/\/auraformacion.com.ar\/wp-content\/uploads\/2022\/06\/CURSO-DE-NEUROLIDERAZGO-2-300x300.png 300w, https:\/\/auraformacion.com.ar\/wp-content\/uploads\/2022\/06\/CURSO-DE-NEUROLIDERAZGO-2-150x150.png 150w, https:\/\/auraformacion.com.ar\/wp-content\/uploads\/2022\/06\/CURSO-DE-NEUROLIDERAZGO-2-768x768.png 768w, https:\/\/auraformacion.com.ar\/wp-content\/uploads\/2022\/06\/CURSO-DE-NEUROLIDERAZGO-2-600x600.png 600w, https:\/\/auraformacion.com.ar\/wp-content\/uploads\/2022\/06\/CURSO-DE-NEUROLIDERAZGO-2-100x100.png 100w, https:\/\/auraformacion.com.ar\/wp-content\/uploads\/2022\/06\/CURSO-DE-NEUROLIDERAZGO-2.png 1080w\" sizes=\"auto, (max-width: 1024px) 100vw, 1024px\" \/><\/figure><div class=\"wp-block-media-text__content\">\n<h4 class=\"has-text-align-center has-vivid-purple-color has-text-color wp-block-heading\"><strong>\ud835\udc02\ud835\udc14\ud835\udc11\ud835\udc12\ud835\udc0e<\/strong><strong> <\/strong><strong>\ud835\udc03\ud835\udc04<\/strong><strong> <\/strong><strong>\ud835\udc0d\ud835\udc04\ud835\udc14\ud835\udc11\ud835\udc0e\ud835\udc0b\ud835\udc08\ud835\udc03\ud835\udc04\ud835\udc11\ud835\udc00\ud835\udc19\ud835\udc06\ud835\udc0e<\/strong><\/h4>\n\n\n\n<p><strong>\ud83d\udfea\ud83d\udfea<\/strong><strong> \ud835\udc08\ud835\udc0d\ud835\udc13\ud835\udc04\ud835\udc0b\ud835\udc08\ud835\udc06\ud835\udc04\ud835\udc0d\ud835\udc02\ud835\udc08\ud835\udc00<\/strong><strong> <\/strong><strong>\ud835\udc04\ud835\udc0c\ud835\udc0e\ud835\udc02\ud835\udc08\ud835\udc0e\ud835\udc0d\ud835\udc00\ud835\udc0b<\/strong><strong> <\/strong><strong>\ud835\udc0f\ud835\udc00\ud835\udc11\ud835\udc00<\/strong><strong> <\/strong><strong>\ud835\udc04\ud835\udc0b<\/strong><strong> <\/strong><strong>\ud835\udc0b\ud835\udc08\ud835\udc03\ud835\udc04\ud835\udc11\ud835\udc00\ud835\udc19\ud835\udc06\ud835\udc0e<\/strong><strong> \ud83d\udfea\ud83d\udfea<\/strong><strong><\/strong><\/p>\n\n\n\n<p><em><strong>\u00bfQuer\u00e9s convertirte en un l\u00edder? Comenz\u00e1 por el autoliderazgo<\/strong><\/em><\/p>\n\n\n\n<p><strong>\ud83d\udc8e<\/strong><strong> INICIA<\/strong>: viernes 17 de junio<\/p>\n\n\n\n<p><strong>\ud83d\udc8e<\/strong><strong> MODALIDAD<\/strong>: online (las clases se subir\u00e1n semana a semana a partir de la fecha indicada. Podr\u00e1s verlas desde nuestro campus y tambi\u00e9n acceder\u00e1s al material te\u00f3rico-pr\u00e1ctico y audiovisual de cada bloque)<\/p>\n\n\n\n<p><strong>\ud83d\udc8e<\/strong><strong> DURACI\u00d3N<\/strong>: 6 semanas<\/p>\n\n\n\n<p><strong>\ud83d\udc8e<\/strong><strong> DICTADO POR<\/strong>: Fabiana Ruiz \u2013 licenciada en comunicaci\u00f3n social, neurosicoeducadora y coach ontol\u00f3gico.<br><strong>\ud83d\udc8e<\/strong><strong> DIRIGIDO A<\/strong><strong>:<\/strong> Profesionales \u2013 Docentes &#8211; Estudiantes Terciarios y Universitarios \u2013 Emprendedores &#8211; P\u00fablico en Gral.<br><\/p>\n\n\n\n<p><strong>\ud83d\udfea\ud83d\udfea<\/strong><strong> INVERSI\u00d3N: $2.000<\/strong><strong> \ud83d\udfea\ud83d\udfea<\/strong><\/p>\n\n\n\n<p>Incluye:<\/p>\n\n\n\n<ul class=\"wp-block-list\"><li><strong>\ud83d\udc8e<\/strong><strong> <\/strong>6 clases grabadas (una por cada bloque del curso)<\/li><li><strong>\ud83d\udc8e<\/strong><strong> <\/strong>Material te\u00f3rico y pr\u00e1ctico en pdf<\/li><li><strong>\ud83d\udc8e<\/strong><strong> <\/strong>Material audiovisual<\/li><li><strong>\ud83d\udc8e<\/strong><strong> <\/strong>Foro de consultas<\/li><li><strong>\ud83d\udc8e<\/strong><strong> <\/strong>Emisi\u00f3n de certificado digital<\/li><li><strong>\ud83d\udc8e<\/strong><strong> BONUS: 1 sesi\u00f3n individual de coaching<\/strong> con la disertante en horario a convenir.<\/li><\/ul>\n<\/div><\/div>\n\n\n\n<div style=\"height:50px\" aria-hidden=\"true\" class=\"wp-block-spacer\"><\/div>\n\n\n\n<div class=\"wp-block-media-text alignwide has-media-on-the-right is-stacked-on-mobile is-vertically-aligned-top\"><figure class=\"wp-block-media-text__media\"><img loading=\"lazy\" decoding=\"async\" width=\"684\" height=\"511\" src=\"https:\/\/auraformacion.com.ar\/wp-content\/uploads\/2022\/06\/iStock-622315182.jpg\" alt=\"\" class=\"wp-image-2343 size-full\" srcset=\"https:\/\/auraformacion.com.ar\/wp-content\/uploads\/2022\/06\/iStock-622315182.jpg 684w, https:\/\/auraformacion.com.ar\/wp-content\/uploads\/2022\/06\/iStock-622315182-300x224.jpg 300w, https:\/\/auraformacion.com.ar\/wp-content\/uploads\/2022\/06\/iStock-622315182-600x448.jpg 600w\" sizes=\"auto, (max-width: 684px) 100vw, 684px\" \/><\/figure><div class=\"wp-block-media-text__content\">\n<p><br><strong>\ud83d\udfea\ud83d\udfea<\/strong><strong> CONTENIDOS<\/strong><strong>\ud83d\udfea\ud83d\udfea<\/strong><\/p>\n\n\n\n<p><strong>\ud83d\udc8e<\/strong><strong> BLOQUE 1: La arquitectura cerebral.<\/strong><\/p>\n\n\n\n<p>\u2022 Por qu\u00e9 somos como somos.<br>\u2022 La influencia emocional en el desarrollo y desempe\u00f1o de las capacidades cerebrales.<br>\u2022 Entrenando nuestro cerebro.<br>\u2022 Comunicaci\u00f3n e interrelaciones.<br><br><strong>\ud83d\udc8e BLOQUE 2: La memoria.<\/strong><\/p>\n\n\n\n<p>\u2022 Aprendizaje y memoria: dos insumos imprescindibles para una vida exitosa.<br>\u2022 Diferentes tipos de memoria.<br>\u2022 Nuestros recuerdos.<br><br><strong>\ud83d\udc8e<\/strong><strong> BLOQUE 3: Inteligencias m\u00faltiples.<\/strong><\/p>\n\n\n\n<p>\u2022 Las inteligencias m\u00faltiples en la vida organizacional.<br>\u2022 Las bases biol\u00f3gicas de la inteligencia como fen\u00f3meno m\u00faltiple.<br>\u2022 Implicancias en la conducci\u00f3n de organizaciones e integraci\u00f3n de equipos de trabajo.<br><br><strong>\ud83d\udc8e<\/strong><strong> BLOQUE 4: Entrenando nuestro cerebro.<\/strong><\/p>\n\n\n\n<p>\u2022 El entrenamiento cerebral en la pr\u00e1ctica.<br>\u2022 Entrenamiento neurocognitivo.<br>\u2022 Entrenamiento emocional.<br>\u2022 Neuromanagement aplicado.<br>\u2022 Neuroplasticidad autodirigida.<br><br><strong>\ud83d\udc8e<\/strong><strong> BLQUE 5: Neurociencia y liderazgo<\/strong><\/p>\n\n\n\n<p>\u2022 El cerebro empresarial.<br>\u2022 La densidad de la atenci\u00f3n conforma la identidad.<br>\u2022 Neurociencia y cambio.<br>\u2022 El cerebro de los instintos.<br>\u2022 Los instintos e impulsos, indicadores fiables del management.<br>\u2022 Casos pr\u00e1cticos que explican el funcionamiento concreto de cuatro instintos.<br><br><strong>\ud83d\udc8e<\/strong><strong> BLOQUE 6: \u00bfA qu\u00e9 tenemos que prestar atenci\u00f3n en las organizaciones?<\/strong><\/p>\n\n\n\n<p>\u2022 Nuestro cerebro no hace multitarea.<br>\u2022 El cerebro necesita descansar.<br>\u2022 Atenci\u00f3n a lo positivo m\u00e1s que a lo negativo. El contagio.<br>\u2022 El l\u00edder bien sintonizado.<br>\u2022 Disparar las neuronas sociales.<\/p>\n<\/div><\/div>\n\n\n\n<h3 class=\"has-vivid-purple-color has-text-color has-medium-font-size wp-block-heading\"><strong>ADQUIERA YA EL CURSO DE PLANIFICACI\u00d3N Y GESTI\u00d3N DEL TIEMPO:<\/strong><\/h3>\n\n\n\n<p class=\"has-vivid-red-color has-text-color\">Puede inscribirse hasta el 17 de junio y abonar&nbsp;<strong>$2000&nbsp;<\/strong>a trav\u00e9s de:<\/p>\n\n\n\n<figure class=\"wp-block-image\"><img loading=\"lazy\" decoding=\"async\" width=\"1024\" height=\"247\" src=\"https:\/\/auraformacion.com.ar\/wp-content\/uploads\/2022\/03\/mercadopago-tarjetas-1024x247.jpg\" alt=\"\" class=\"wp-image-2002\"\/><\/figure>\n\n\n\n<p>HAGA CLICK EN EL&nbsp;<strong>BOTON PAGAR<\/strong>, PODR\u00c1 ABONAR EL CURSO Y ACCEDER\u00c1 A LAS MODALIDADES DE PAGO:PAGAR<\/p>\n\n\n\n<script src=\"https:\/\/www.mercadopago.com.ar\/integrations\/v1\/web-payment-checkout.js\" data-preference-id=\"26082614-c9c2e7c0-2585-4be2-b5d0-11b29ec0a421\" data-source=\"button\">\n<\/script>\n\n\n\n<p>En Mercado Pago puede abonar con:<\/p>\n\n\n\n<ul class=\"wp-block-list\" id=\"block-b0847f80-3f52-4380-badc-da53e7c9d647\"><li><strong>Tarjeta de d\u00e9bito<\/strong>&nbsp;<em>(Visa, Mastercard, Cabal y Maestro)<\/em><\/li><li><strong>Tarjeta de cr\u00e9dito<\/strong>&nbsp;con financiaci\u00f3n en cuotas a trav\u00e9s de Mercado Pago&nbsp;<em>(Visa, Mastercard, Cabal, American Express, Naranja, Nativa, Tarjeta Shopping, Cencosud, Argencard, Diners Club, Cordobesa, Walmart)<\/em><\/li><li><strong>Efectivo&nbsp;<\/strong>en puntos de pago&nbsp;<em>(a trav\u00e9s de Rapipago o Pago F\u00e1cil, se le solicitar\u00e1 un correo electr\u00f3nico al que se le enviar\u00e1n los datos para que efect\u00fae el pago. El mismo puede tardar un par de horas en ser enviado por el sistema de Mercado Pago. Efect\u00fae el pago lo antes posible as\u00ed no pierde el lugar reservado)<\/em><\/li><li><strong>Dinero en su cuenta<\/strong>&nbsp;de Mercado Pago<\/li><li><strong>IMPORTANTE<\/strong>: UNA VEZ QUE ADQUIERA EL CURSO SER\u00c1 DIRIGIDO A UN FORMULARIO DONDE COMPLETAR\u00c1 SUS DATOS PERSONALES PARA REGISTRARSE COMO ALUMNO DE AURA. CUALQUIER DUDA O CONSULTA PUEDE REALIZARLA AL +54-388-4091-851.<\/li><\/ul>\n\n\n\n<p><strong>PARA ABONAR A TRAV\u00c9S DE TRANSFERENCIA BANCARIA<\/strong>:<\/p>\n\n\n\n<p>comun\u00edquese al +54-388-4091-851 \u00f3&nbsp;<a href=\"mailto:info@auracomunicacion.com.ar\" target=\"_blank\" rel=\"noreferrer noopener\">info@auracomunicacion.com.ar<\/a><\/p>\n\n\n\n<div style=\"height:70px\" aria-hidden=\"true\" class=\"wp-block-spacer\"><\/div>\n\n\n\n<h3 class=\"has-text-align-center has-vivid-purple-color has-text-color has-large-font-size wp-block-heading\">~~CAPACITACI\u00d3N GRATUITA DEL MES DE JUNIO~~<\/h3>\n\n\n\n<p class=\"has-text-align-center has-medium-font-size\"><strong>\u00a1Inscribite!<\/strong><\/p>\n\n\n\n<div class=\"wp-block-media-text alignwide is-stacked-on-mobile is-vertically-aligned-top\"><figure class=\"wp-block-media-text__media\"><img loading=\"lazy\" decoding=\"async\" width=\"1024\" height=\"1024\" src=\"https:\/\/auraformacion.com.ar\/wp-content\/uploads\/2022\/06\/taller-automotivacion-y-liderazgo-personal-1024x1024.png\" alt=\"\" class=\"wp-image-2312 size-full\" srcset=\"https:\/\/auraformacion.com.ar\/wp-content\/uploads\/2022\/06\/taller-automotivacion-y-liderazgo-personal-1024x1024.png 1024w, https:\/\/auraformacion.com.ar\/wp-content\/uploads\/2022\/06\/taller-automotivacion-y-liderazgo-personal-300x300.png 300w, https:\/\/auraformacion.com.ar\/wp-content\/uploads\/2022\/06\/taller-automotivacion-y-liderazgo-personal-150x150.png 150w, https:\/\/auraformacion.com.ar\/wp-content\/uploads\/2022\/06\/taller-automotivacion-y-liderazgo-personal-768x768.png 768w, https:\/\/auraformacion.com.ar\/wp-content\/uploads\/2022\/06\/taller-automotivacion-y-liderazgo-personal-600x600.png 600w, https:\/\/auraformacion.com.ar\/wp-content\/uploads\/2022\/06\/taller-automotivacion-y-liderazgo-personal-100x100.png 100w, https:\/\/auraformacion.com.ar\/wp-content\/uploads\/2022\/06\/taller-automotivacion-y-liderazgo-personal.png 1080w\" sizes=\"auto, (max-width: 1024px) 100vw, 1024px\" \/><\/figure><div class=\"wp-block-media-text__content\">\n<p class=\"has-vivid-purple-color has-text-color has-large-font-size\"><strong><strong>Taller Online de Automotivaci\u00f3n y liderazgo personal<\/strong><\/strong><\/p>\n\n\n\n<p><strong>\ud83d\udc8e<\/strong><strong> FECHA Y HORARIO DE REALIZACI\u00d3N<\/strong><strong>:<\/strong> lunes 13 de junio de 21 a 22,30 Hs.<br><strong>\ud83d\udc8e<\/strong><strong> CERTIFICACI\u00d3N<\/strong>: se entregar\u00e1 un certificado virtual de asistencia.<br><strong>\ud83d\udc8e<\/strong><strong> DESTINATARIOS<\/strong>: personas que deseen potenciar su propia automotivaci\u00f3n, su crecimiento personal y sus habilidades de liderazgo.<br><strong>\ud83d\udc8e<\/strong><strong> DISERTANTE<\/strong>: Nse. Lic. Fabiana Ruiz (Lic. en comunicaci\u00f3n social, neurosicoeducadora, coach ontol\u00f3gico).<br><strong>\ud83d\udc8e<\/strong><strong> CONTENIDOS<\/strong><strong>:<\/strong><strong><br><\/strong>\u2022 Automotivaci\u00f3n.<br>\u2022 Autoestima y Autoconcepto.<br>\u2022 Crecimiento Personal en nuestro entorno social.<br>\u2022 Ejercicios de B\u00fasqueda y despertar del potencial personal.<br>\u2022 Cualidades del l\u00edder actual.<br>\u2022 Los retos que enfrenta el L\u00edder.<br>\u2022 Ejercicio de b\u00fasqueda del potencial de l\u00edder.<br>\u2022 Compromiso de Cambio.<\/p>\n\n\n\n<p><strong>\ud83d\udc8e INSCRIPCIONES <\/strong>a trav\u00e9s del siguiente formulario: <a href=\"https:\/\/forms.gle\/tmfdbxodgQ7K5bcS9\">https:\/\/forms.gle\/tmfdbxodgQ7K5bcS9<\/a><\/p>\n\n\n\n<div class=\"wp-block-buttons is-layout-flex wp-block-buttons-is-layout-flex\">\n<div class=\"wp-block-button\"><a class=\"wp-block-button__link\" href=\"https:\/\/auraformacion.com.ar\/index.php\/webinars-gratuitas\/\">M\u00c1S INFO<\/a><\/div>\n<\/div>\n<\/div><\/div>\n","protected":false},"excerpt":{"rendered":"<p>\ud835\udc02\ud835\udc14\ud835\udc11\ud835\udc12\ud835\udc0e \ud835\udc03\ud835\udc04 \ud835\udc0d\ud835\udc04\ud835\udc14\ud835\udc11\ud835\udc0e\ud835\udc0b\ud835\udc08\ud835\udc03\ud835\udc04\ud835\udc11\ud835\udc00\ud835\udc19\ud835\udc06\ud835\udc0e \ud83d\udfea\ud83d\udfea \ud835\udc08\ud835\udc0d\ud835\udc13\ud835\udc04\ud835\udc0b\ud835\udc08\ud835\udc06\ud835\udc04\ud835\udc0d\ud835\udc02\ud835\udc08\ud835\udc00 \ud835\udc04\ud835\udc0c\ud835\udc0e\ud835\udc02\ud835\udc08\ud835\udc0e\ud835\udc0d\ud835\udc00\ud835\udc0b \ud835\udc0f\ud835\udc00\ud835\udc11\ud835\udc00 \ud835\udc04\ud835\udc0b \ud835\udc0b\ud835\udc08\ud835\udc03\ud835\udc04\ud835\udc11\ud835\udc00\ud835\udc19\ud835\udc06\ud835\udc0e \ud83d\udfea\ud83d\udfea \u00bfQuer\u00e9s convertirte en un l\u00edder? Comenz\u00e1 por el autoliderazgo \ud83d\udc8e INICIA: viernes 17 de junio \ud83d\udc8e MODALIDAD: online (las clases se subir\u00e1n semana a semana a partir de la fecha indicada. Podr\u00e1s verlas desde nuestro campus y tambi\u00e9n acceder\u00e1s al material te\u00f3rico-pr\u00e1ctico y audiovisual de [&hellip;]<\/p>\n","protected":false},"author":1,"featured_media":0,"parent":0,"menu_order":0,"comment_status":"closed","ping_status":"closed","template":"","meta":{"site-sidebar-layout":"default","site-content-layout":"plain-container","ast-site-content-layout":"default","site-content-style":"default","site-sidebar-style":"default","ast-global-header-display":"","ast-banner-title-visibility":"","ast-main-header-display":"","ast-hfb-above-header-display":"","ast-hfb-below-header-display":"","ast-hfb-mobile-header-display":"","site-post-title":"disabled","ast-breadcrumbs-content":"","ast-featured-img":"","footer-sml-layout":"","ast-disable-related-posts":"","theme-transparent-header-meta":"enabled","adv-header-id-meta":"","stick-header-meta":"","header-above-stick-meta":"","header-main-stick-meta":"","header-below-stick-meta":"","astra-migrate-meta-layouts":"default","ast-page-background-enabled":"default","ast-page-background-meta":{"desktop":{"background-color":"","background-image":"","background-repeat":"repeat","background-position":"center center","background-size":"auto","background-attachment":"scroll","background-type":"","background-media":"","overlay-type":"","overlay-color":"","overlay-opacity":"","overlay-gradient":""},"tablet":{"background-color":"","background-image":"","background-repeat":"repeat","background-position":"center center","background-size":"auto","background-attachment":"scroll","background-type":"","background-media":"","overlay-type":"","overlay-color":"","overlay-opacity":"","overlay-gradient":""},"mobile":{"background-color":"","background-image":"","background-repeat":"repeat","background-position":"center center","background-size":"auto","background-attachment":"scroll","background-type":"","background-media":"","overlay-type":"","overlay-color":"","overlay-opacity":"","overlay-gradient":""}},"ast-content-background-meta":{"desktop":{"background-color":"var(--ast-global-color-5)","background-image":"","background-repeat":"repeat","background-position":"center center","background-size":"auto","background-attachment":"scroll","background-type":"","background-media":"","overlay-type":"","overlay-color":"","overlay-opacity":"","overlay-gradient":""},"tablet":{"background-color":"var(--ast-global-color-5)","background-image":"","background-repeat":"repeat","background-position":"center center","background-size":"auto","background-attachment":"scroll","background-type":"","background-media":"","overlay-type":"","overlay-color":"","overlay-opacity":"","overlay-gradient":""},"mobile":{"background-color":"var(--ast-global-color-5)","background-image":"","background-repeat":"repeat","background-position":"center center","background-size":"auto","background-attachment":"scroll","background-type":"","background-media":"","overlay-type":"","overlay-color":"","overlay-opacity":"","overlay-gradient":""}},"footnotes":""},"class_list":["post-2328","page","type-page","status-publish","hentry"],"_links":{"self":[{"href":"https:\/\/auraformacion.com.ar\/index.php\/wp-json\/wp\/v2\/pages\/2328","targetHints":{"allow":["GET"]}}],"collection":[{"href":"https:\/\/auraformacion.com.ar\/index.php\/wp-json\/wp\/v2\/pages"}],"about":[{"href":"https:\/\/auraformacion.com.ar\/index.php\/wp-json\/wp\/v2\/types\/page"}],"author":[{"embeddable":true,"href":"https:\/\/auraformacion.com.ar\/index.php\/wp-json\/wp\/v2\/users\/1"}],"replies":[{"embeddable":true,"href":"https:\/\/auraformacion.com.ar\/index.php\/wp-json\/wp\/v2\/comments?post=2328"}],"version-history":[{"count":8,"href":"https:\/\/auraformacion.com.ar\/index.php\/wp-json\/wp\/v2\/pages\/2328\/revisions"}],"predecessor-version":[{"id":2360,"href":"https:\/\/auraformacion.com.ar\/index.php\/wp-json\/wp\/v2\/pages\/2328\/revisions\/2360"}],"wp:attachment":[{"href":"https:\/\/auraformacion.com.ar\/index.php\/wp-json\/wp\/v2\/media?parent=2328"}],"curies":[{"name":"wp","href":"https:\/\/api.w.org\/{rel}","templated":true}]}}