{"id":2180,"date":"2022-04-05T13:30:19","date_gmt":"2022-04-05T16:30:19","guid":{"rendered":"https:\/\/auraformacion.com.ar\/?page_id=2180"},"modified":"2024-01-15T14:20:51","modified_gmt":"2024-01-15T17:20:51","slug":"cv-fabiana-ruiz","status":"publish","type":"page","link":"https:\/\/auraformacion.com.ar\/index.php\/cv-fabiana-ruiz\/","title":{"rendered":"Cv Fabiana Ruiz"},"content":{"rendered":"\n<div class=\"wp-block-cover is-light\" style=\"min-height:450px;aspect-ratio:unset;\"><span aria-hidden=\"true\" class=\"wp-block-cover__background has-vivid-purple-background-color has-background-dim\"><\/span><img loading=\"lazy\" decoding=\"async\" width=\"860\" height=\"510\" class=\"wp-block-cover__image-background wp-image-1749\" alt=\"\" src=\"https:\/\/auraformacion.com.ar\/wp-content\/uploads\/2021\/06\/42-1.jpg\" data-object-fit=\"cover\" srcset=\"https:\/\/auraformacion.com.ar\/wp-content\/uploads\/2021\/06\/42-1.jpg 860w, https:\/\/auraformacion.com.ar\/wp-content\/uploads\/2021\/06\/42-1-600x356.jpg 600w, https:\/\/auraformacion.com.ar\/wp-content\/uploads\/2021\/06\/42-1-300x178.jpg 300w, https:\/\/auraformacion.com.ar\/wp-content\/uploads\/2021\/06\/42-1-768x455.jpg 768w\" sizes=\"auto, (max-width: 860px) 100vw, 860px\" \/><div class=\"wp-block-cover__inner-container is-layout-flow wp-block-cover-is-layout-flow\">\n<p class=\"has-text-align-center has-large-font-size\"><\/p>\n<\/div><\/div>\n\n\n\n<div style=\"height:50px\" aria-hidden=\"true\" class=\"wp-block-spacer\"><\/div>\n\n\n\n<h2 class=\"wp-block-heading has-text-align-center has-vivid-purple-color has-text-color\">Fabiana Ruiz <\/h2>\n\n\n\n<div style=\"height:50px\" aria-hidden=\"true\" class=\"wp-block-spacer\"><\/div>\n\n\n\n<div class=\"wp-block-media-text alignwide is-stacked-on-mobile is-vertically-aligned-top\" style=\"grid-template-columns:30% auto\"><figure class=\"wp-block-media-text__media\"><img loading=\"lazy\" decoding=\"async\" width=\"768\" height=\"1024\" src=\"https:\/\/auraformacion.com.ar\/wp-content\/uploads\/2021\/06\/41-768x1024.jpg\" alt=\"\" class=\"wp-image-1704 size-medium\" srcset=\"https:\/\/auraformacion.com.ar\/wp-content\/uploads\/2021\/06\/41-768x1024.jpg 768w, https:\/\/auraformacion.com.ar\/wp-content\/uploads\/2021\/06\/41-600x800.jpg 600w, https:\/\/auraformacion.com.ar\/wp-content\/uploads\/2021\/06\/41-225x300.jpg 225w, https:\/\/auraformacion.com.ar\/wp-content\/uploads\/2021\/06\/41.jpg 810w\" sizes=\"auto, (max-width: 768px) 100vw, 768px\" \/><\/figure><div class=\"wp-block-media-text__content\">\n<p>Es Licenciada en Comunicaci\u00f3n Social de la Universidad Nacional de C\u00f3rdoba, Neurosicoeducadora y Coach Ontol\u00f3gico. Cuenta con una Diplomatura en Educaci\u00f3n Superior y Universitaria y una Diplomatura en Aplicaci\u00f3n de Recursos Tecnol\u00f3gicos para Aulas Virtuales. Actualmente especializando en docencia universitaria y doctorando en ciencias sociales. <\/p>\n\n\n\n<p>Desde hace 24 a\u00f1os que se dedica a la formaci\u00f3n integral y desarrollo personal de profesionales.<\/p>\n\n\n\n<p>Actualmente es docente universitaria en la UCASAL y el IUPS. Ha dictado capacitaciones en las facultades de Ciencias Econ\u00f3micas, Humanidades, Ingenier\u00eda y Ciencias Agrarias de la Universidad Nacional de Jujuy. Adem\u00e1s de brindar sus servicios de asesor\u00eda, coaching y capacitaciones a empresas e instituciones educativas.<\/p>\n\n\n\n<p>CV completo: <a href=\"https:\/\/drive.google.com\/file\/d\/1pNptotv1KSdGu-B1t1I9nKBYu9Mopn_V\/view?usp=sharing\" target=\"_blank\" rel=\"noreferrer noopener\">https:\/\/drive.google.com\/file\/d\/1pNptotv1KSdGu-B1t1I9nKBYu9Mopn_V\/view?usp=sharing<\/a><\/p>\n<\/div><\/div>\n","protected":false},"excerpt":{"rendered":"<p>Fabiana Ruiz Es Licenciada en Comunicaci\u00f3n Social de la Universidad Nacional de C\u00f3rdoba, Neurosicoeducadora y Coach Ontol\u00f3gico. Cuenta con una Diplomatura en Educaci\u00f3n Superior y Universitaria y una Diplomatura en Aplicaci\u00f3n de Recursos Tecnol\u00f3gicos para Aulas Virtuales. Actualmente especializando en docencia universitaria y doctorando en ciencias sociales. Desde hace 24 a\u00f1os que se dedica a [&hellip;]<\/p>\n","protected":false},"author":1,"featured_media":0,"parent":0,"menu_order":0,"comment_status":"closed","ping_status":"closed","template":"","meta":{"site-sidebar-layout":"default","site-content-layout":"plain-container","ast-site-content-layout":"normal-width-container","site-content-style":"unboxed","site-sidebar-style":"unboxed","ast-global-header-display":"","ast-banner-title-visibility":"","ast-main-header-display":"","ast-hfb-above-header-display":"","ast-hfb-below-header-display":"","ast-hfb-mobile-header-display":"","site-post-title":"disabled","ast-breadcrumbs-content":"","ast-featured-img":"","footer-sml-layout":"","ast-disable-related-posts":"","theme-transparent-header-meta":"enabled","adv-header-id-meta":"","stick-header-meta":"","header-above-stick-meta":"","header-main-stick-meta":"","header-below-stick-meta":"","astra-migrate-meta-layouts":"set","ast-page-background-enabled":"default","ast-page-background-meta":{"desktop":{"background-color":"","background-image":"","background-repeat":"repeat","background-position":"center center","background-size":"auto","background-attachment":"scroll","background-type":"","background-media":"","overlay-type":"","overlay-color":"","overlay-opacity":"","overlay-gradient":""},"tablet":{"background-color":"","background-image":"","background-repeat":"repeat","background-position":"center center","background-size":"auto","background-attachment":"scroll","background-type":"","background-media":"","overlay-type":"","overlay-color":"","overlay-opacity":"","overlay-gradient":""},"mobile":{"background-color":"","background-image":"","background-repeat":"repeat","background-position":"center center","background-size":"auto","background-attachment":"scroll","background-type":"","background-media":"","overlay-type":"","overlay-color":"","overlay-opacity":"","overlay-gradient":""}},"ast-content-background-meta":{"desktop":{"background-color":"var(--ast-global-color-5)","background-image":"","background-repeat":"repeat","background-position":"center center","background-size":"auto","background-attachment":"scroll","background-type":"","background-media":"","overlay-type":"","overlay-color":"","overlay-opacity":"","overlay-gradient":""},"tablet":{"background-color":"var(--ast-global-color-5)","background-image":"","background-repeat":"repeat","background-position":"center center","background-size":"auto","background-attachment":"scroll","background-type":"","background-media":"","overlay-type":"","overlay-color":"","overlay-opacity":"","overlay-gradient":""},"mobile":{"background-color":"var(--ast-global-color-5)","background-image":"","background-repeat":"repeat","background-position":"center center","background-size":"auto","background-attachment":"scroll","background-type":"","background-media":"","overlay-type":"","overlay-color":"","overlay-opacity":"","overlay-gradient":""}},"footnotes":""},"class_list":["post-2180","page","type-page","status-publish","hentry"],"_links":{"self":[{"href":"https:\/\/auraformacion.com.ar\/index.php\/wp-json\/wp\/v2\/pages\/2180","targetHints":{"allow":["GET"]}}],"collection":[{"href":"https:\/\/auraformacion.com.ar\/index.php\/wp-json\/wp\/v2\/pages"}],"about":[{"href":"https:\/\/auraformacion.com.ar\/index.php\/wp-json\/wp\/v2\/types\/page"}],"author":[{"embeddable":true,"href":"https:\/\/auraformacion.com.ar\/index.php\/wp-json\/wp\/v2\/users\/1"}],"replies":[{"embeddable":true,"href":"https:\/\/auraformacion.com.ar\/index.php\/wp-json\/wp\/v2\/comments?post=2180"}],"version-history":[{"count":11,"href":"https:\/\/auraformacion.com.ar\/index.php\/wp-json\/wp\/v2\/pages\/2180\/revisions"}],"predecessor-version":[{"id":2516,"href":"https:\/\/auraformacion.com.ar\/index.php\/wp-json\/wp\/v2\/pages\/2180\/revisions\/2516"}],"wp:attachment":[{"href":"https:\/\/auraformacion.com.ar\/index.php\/wp-json\/wp\/v2\/media?parent=2180"}],"curies":[{"name":"wp","href":"https:\/\/api.w.org\/{rel}","templated":true}]}}