{"id":2077,"date":"2022-03-04T21:57:26","date_gmt":"2022-03-05T00:57:26","guid":{"rendered":"https:\/\/auraformacion.com.ar\/?page_id=2077"},"modified":"2024-01-15T14:19:14","modified_gmt":"2024-01-15T17:19:14","slug":"webinars-gratuitas","status":"publish","type":"page","link":"https:\/\/auraformacion.com.ar\/index.php\/webinars-gratuitas\/","title":{"rendered":"WEBINARS GRATUITAS DEL MES DE ENERO 2024"},"content":{"rendered":"\n<div class=\"wp-block-cover alignfull is-light\"><span aria-hidden=\"true\" class=\"wp-block-cover__background has-vivid-purple-background-color has-background-dim\"><\/span><img loading=\"lazy\" decoding=\"async\" width=\"1280\" height=\"854\" class=\"wp-block-cover__image-background wp-image-2079\" alt=\"\" src=\"https:\/\/auraformacion.com.ar\/wp-content\/uploads\/2022\/03\/computer-homework-webinar-4928772.jpg\" style=\"object-position:15% 54%\" data-object-fit=\"cover\" data-object-position=\"15% 54%\" srcset=\"https:\/\/auraformacion.com.ar\/wp-content\/uploads\/2022\/03\/computer-homework-webinar-4928772.jpg 1280w, https:\/\/auraformacion.com.ar\/wp-content\/uploads\/2022\/03\/computer-homework-webinar-4928772-300x200.jpg 300w, https:\/\/auraformacion.com.ar\/wp-content\/uploads\/2022\/03\/computer-homework-webinar-4928772-1024x683.jpg 1024w, https:\/\/auraformacion.com.ar\/wp-content\/uploads\/2022\/03\/computer-homework-webinar-4928772-768x512.jpg 768w, https:\/\/auraformacion.com.ar\/wp-content\/uploads\/2022\/03\/computer-homework-webinar-4928772-600x400.jpg 600w\" sizes=\"auto, (max-width: 1280px) 100vw, 1280px\" \/><div class=\"wp-block-cover__inner-container is-layout-flow wp-block-cover-is-layout-flow\">\n<p class=\"has-text-align-center has-white-color has-text-color has-large-font-size\"><strong>Capacitaci\u00f3n online<\/strong> <strong>gratuita <\/strong><\/p>\n\n\n\n<p class=\"has-text-align-center has-white-color has-text-color has-large-font-size\"><strong>del mes de ENERO<\/strong><\/p>\n<\/div><\/div>\n\n\n\n<div style=\"height:40px\" aria-hidden=\"true\" class=\"wp-block-spacer\"><\/div>\n\n\n\n<div class=\"wp-block-media-text alignwide has-media-on-the-right is-stacked-on-mobile is-vertically-aligned-top\"><div class=\"wp-block-media-text__content\">\n<h5 class=\"wp-block-heading has-text-align-center has-vivid-purple-color has-text-color\"><strong><strong>WEBINAR GRATUITA<\/strong><\/strong><\/h5>\n\n\n\n<h4 class=\"wp-block-heading has-text-align-center has-vivid-purple-color has-text-color\" style=\"font-style:normal;font-weight:700\"><strong> <strong>&#8220;CONVERSACIONES PROFESIONALES&#8221;<\/strong> <\/strong><\/h4>\n\n\n\n<p class=\"has-text-align-center has-medium-font-size\"><strong>S\u00e1bado 20 de enero de 12 a 13 Hs. por Google Meet.<\/strong><\/p>\n\n\n\n<p><strong>DISERTANTE<\/strong>: Fabiana Ruiz &#8211; Lic. en Comunicaci\u00f3n Social &#8211; Neurosicoeducadora &#8211; Coach. <\/p>\n\n\n\n<p><strong><em><a rel=\"noreferrer noopener\" href=\"https:\/\/auraformacion.com.ar\/index.php\/cv-fabiana-ruiz\/\" data-type=\"page\" data-id=\"2180\" target=\"_blank\">M\u00c1S INFO DE LA DISERTANTE&#8230;<\/a><\/em><\/strong><\/p>\n\n\n\n<p><strong>\ud83d\udc8e CERTIFICACI\u00d3N<\/strong>: se entregar\u00e1 un certificado virtual de asistencia.<br><strong>\ud83d\udc8e DESTINATARIOS<\/strong>: personas que deseen potenciar su propia comunicaci\u00f3n, crecimiento personal y habilidades de liderazgo.<\/p>\n\n\n\n<p><strong>\ud83d\udc8e<\/strong><strong> CONTENIDOS<\/strong><strong>:<\/strong><\/p>\n\n\n\n<ul class=\"wp-block-list\">\n<li>Nuevo modelo comunicacional<\/li>\n\n\n\n<li>Dise\u00f1o de conversaciones efectivas<\/li>\n\n\n\n<li>Escucha activa<\/li>\n<\/ul>\n\n\n\n<p><\/p>\n\n\n\n<p><\/p>\n<\/div><figure class=\"wp-block-media-text__media\"><img decoding=\"async\" src=\"https:\/\/auraformacion.com.ar\/wp-content\/uploads\/2024\/01\/webinar-conversaciones-efectivas-1024x1024.png\" alt=\"\" class=\"wp-image-2496 size-full\"\/><\/figure><\/div>\n\n\n\n<hr class=\"wp-block-separator has-text-color has-ast-global-color-5-color has-alpha-channel-opacity has-ast-global-color-5-background-color has-background\"\/>\n\n\n\n<p>El tema de la comunicaci\u00f3n es ante todo un asunto de relaciones e interdependencia. En esta \u201cera de la comunicaci\u00f3n\u201d, los avances tecnol\u00f3gicos no han logrado reducir la incomunicaci\u00f3n, la falta de entendimiento mutuo y mucho menos han facilitado resolver los problemas que tenemos al comunicarnos unos con otros.<\/p>\n\n\n\n<p>Al hablar de \u201cconversaciones\u201d, hablamos de una forma de distinguir la capacidad humana de utilizaci\u00f3n del lenguaje, capacidad que a su vez genera realidades. A trav\u00e9s de las conversaciones los seres humanos coordinamos acciones, reflexionamos, nos expresamos y nos relacionamos unos con otros.<\/p>\n\n\n\n<p>La calidad de las conversaciones que mantenemos determina la calidad de nuestras relaciones. Aprender estrategias que nos posibiliten un manejo m\u00e1s efectivo de nuestras conversaciones nos abrir\u00e1 nuevos caminos.<\/p>\n\n\n\n<h5 class=\"wp-block-heading has-vivid-purple-color has-text-color\"><strong>INSCRIPCIONES<\/strong><\/h5>\n\n\n\n<p><strong><em>RESERVA TU LUGAR COMPLETANDO EL SIGUIENTE FORMULARIO, LOS CUPOS SON LIMITADOS:<\/em><\/strong><\/p>\n\n\n\n<iframe loading=\"lazy\" src=\"https:\/\/docs.google.com\/forms\/d\/e\/1FAIpQLScVw8PowagHI58NBCG1AIeVzY7SSBwuan62LVqxvKyt5VZzVw\/viewform?embedded=true\" width=\"640\" height=\"2089\" frameborder=\"0\" marginheight=\"0\" marginwidth=\"0\">Cargando\u2026<\/iframe>\n\n\n\n<p><strong>Si tiene inconvenientes con la carga desde este sitio, ingrese en el siguiente link:<\/strong> <a rel=\"noreferrer noopener\" href=\"https:\/\/forms.gle\/MPL9cB9bsgZgiwFA9\" target=\"_blank\">https:\/\/forms.gle\/MPL9cB9bsgZgiwFA9<\/a><\/p>\n\n\n\n<hr class=\"wp-block-separator has-css-opacity alignfull\"\/>\n\n\n\n<p class=\"has-text-align-center has-vivid-purple-color has-text-color has-large-font-size\"><strong>PARTICIP\u00c1 TAMBI\u00c9N DE LA CAPACITACI\u00d3N QUE BRINDAREMOS EN EL MES DE ENERO:<\/strong><\/p>\n\n\n\n<figure class=\"wp-block-image size-full is-resized\"><img loading=\"lazy\" decoding=\"async\" width=\"940\" height=\"788\" src=\"https:\/\/auraformacion.com.ar\/wp-content\/uploads\/2024\/01\/curso-neuro-oratoria.png\" alt=\"\" class=\"wp-image-2488\" style=\"aspect-ratio:1.1928934010152283;width:775px;height:auto\" srcset=\"https:\/\/auraformacion.com.ar\/wp-content\/uploads\/2024\/01\/curso-neuro-oratoria.png 940w, https:\/\/auraformacion.com.ar\/wp-content\/uploads\/2024\/01\/curso-neuro-oratoria-300x251.png 300w, https:\/\/auraformacion.com.ar\/wp-content\/uploads\/2024\/01\/curso-neuro-oratoria-768x644.png 768w\" sizes=\"auto, (max-width: 940px) 100vw, 940px\" \/><\/figure>\n\n\n\n<div class=\"wp-block-buttons is-layout-flex wp-block-buttons-is-layout-flex\">\n<div class=\"wp-block-button\"><a class=\"wp-block-button__link wp-element-button\" href=\"https:\/\/auraformacion.com.ar\/index.php\/capacitaciones\/curso-de-neuro-oratoria\/\">MAS INFO<\/a><\/div>\n<\/div>\n\n\n\n<div style=\"height:50px\" aria-hidden=\"true\" class=\"wp-block-spacer\"><\/div>\n\n\n\n<p><\/p>\n","protected":false},"excerpt":{"rendered":"<p>El tema de la comunicaci\u00f3n es ante todo un asunto de relaciones e interdependencia. En esta \u201cera de la comunicaci\u00f3n\u201d, los avances tecnol\u00f3gicos no han logrado reducir la incomunicaci\u00f3n, la falta de entendimiento mutuo y mucho menos han facilitado resolver los problemas que tenemos al comunicarnos unos con otros. Al hablar de \u201cconversaciones\u201d, hablamos de [&hellip;]<\/p>\n","protected":false},"author":1,"featured_media":0,"parent":0,"menu_order":0,"comment_status":"closed","ping_status":"closed","template":"","meta":{"site-sidebar-layout":"default","site-content-layout":"plain-container","ast-site-content-layout":"normal-width-container","site-content-style":"unboxed","site-sidebar-style":"unboxed","ast-global-header-display":"","ast-banner-title-visibility":"","ast-main-header-display":"","ast-hfb-above-header-display":"","ast-hfb-below-header-display":"","ast-hfb-mobile-header-display":"","site-post-title":"disabled","ast-breadcrumbs-content":"","ast-featured-img":"","footer-sml-layout":"","ast-disable-related-posts":"","theme-transparent-header-meta":"enabled","adv-header-id-meta":"","stick-header-meta":"","header-above-stick-meta":"","header-main-stick-meta":"","header-below-stick-meta":"","astra-migrate-meta-layouts":"set","ast-page-background-enabled":"default","ast-page-background-meta":{"desktop":{"background-color":"","background-image":"","background-repeat":"repeat","background-position":"center center","background-size":"auto","background-attachment":"scroll","background-type":"","background-media":"","overlay-type":"","overlay-color":"","overlay-opacity":"","overlay-gradient":""},"tablet":{"background-color":"","background-image":"","background-repeat":"repeat","background-position":"center center","background-size":"auto","background-attachment":"scroll","background-type":"","background-media":"","overlay-type":"","overlay-color":"","overlay-opacity":"","overlay-gradient":""},"mobile":{"background-color":"","background-image":"","background-repeat":"repeat","background-position":"center center","background-size":"auto","background-attachment":"scroll","background-type":"","background-media":"","overlay-type":"","overlay-color":"","overlay-opacity":"","overlay-gradient":""}},"ast-content-background-meta":{"desktop":{"background-color":"var(--ast-global-color-5)","background-image":"","background-repeat":"repeat","background-position":"center center","background-size":"auto","background-attachment":"scroll","background-type":"","background-media":"","overlay-type":"","overlay-color":"","overlay-opacity":"","overlay-gradient":""},"tablet":{"background-color":"var(--ast-global-color-5)","background-image":"","background-repeat":"repeat","background-position":"center center","background-size":"auto","background-attachment":"scroll","background-type":"","background-media":"","overlay-type":"","overlay-color":"","overlay-opacity":"","overlay-gradient":""},"mobile":{"background-color":"var(--ast-global-color-5)","background-image":"","background-repeat":"repeat","background-position":"center center","background-size":"auto","background-attachment":"scroll","background-type":"","background-media":"","overlay-type":"","overlay-color":"","overlay-opacity":"","overlay-gradient":""}},"footnotes":""},"class_list":["post-2077","page","type-page","status-publish","hentry"],"_links":{"self":[{"href":"https:\/\/auraformacion.com.ar\/index.php\/wp-json\/wp\/v2\/pages\/2077","targetHints":{"allow":["GET"]}}],"collection":[{"href":"https:\/\/auraformacion.com.ar\/index.php\/wp-json\/wp\/v2\/pages"}],"about":[{"href":"https:\/\/auraformacion.com.ar\/index.php\/wp-json\/wp\/v2\/types\/page"}],"author":[{"embeddable":true,"href":"https:\/\/auraformacion.com.ar\/index.php\/wp-json\/wp\/v2\/users\/1"}],"replies":[{"embeddable":true,"href":"https:\/\/auraformacion.com.ar\/index.php\/wp-json\/wp\/v2\/comments?post=2077"}],"version-history":[{"count":34,"href":"https:\/\/auraformacion.com.ar\/index.php\/wp-json\/wp\/v2\/pages\/2077\/revisions"}],"predecessor-version":[{"id":2524,"href":"https:\/\/auraformacion.com.ar\/index.php\/wp-json\/wp\/v2\/pages\/2077\/revisions\/2524"}],"wp:attachment":[{"href":"https:\/\/auraformacion.com.ar\/index.php\/wp-json\/wp\/v2\/media?parent=2077"}],"curies":[{"name":"wp","href":"https:\/\/api.w.org\/{rel}","templated":true}]}}