{"id":1803,"date":"2022-02-09T00:52:10","date_gmt":"2022-02-09T03:52:10","guid":{"rendered":"https:\/\/auraformacion.com.ar\/?page_id=1803"},"modified":"2024-01-23T10:53:38","modified_gmt":"2024-01-23T13:53:38","slug":"curso-de-neuro-oratoria","status":"publish","type":"page","link":"https:\/\/auraformacion.com.ar\/index.php\/capacitaciones\/curso-de-neuro-oratoria\/","title":{"rendered":"CURSO DE NEURO ORATORIA Y STORYTELLING"},"content":{"rendered":"\n<div class=\"wp-block-cover alignwide has-parallax is-position-center-center\" style=\"min-height:550px;aspect-ratio:unset;\"><span aria-hidden=\"true\" class=\"wp-block-cover__background has-vivid-purple-background-color has-background-dim-70 has-background-dim\"><\/span><div role=\"img\" class=\"wp-block-cover__image-background wp-image-2495 has-parallax\" style=\"background-position:50% 50%;background-image:url(https:\/\/auraformacion.com.ar\/wp-content\/uploads\/2024\/01\/IMAGEN-1.jpeg)\"><\/div><div class=\"wp-block-cover__inner-container is-layout-flow wp-block-cover-is-layout-flow\">\n<p class=\"has-text-align-center has-ast-global-color-5-color has-text-color has-large-font-size\"><strong>CURSO DE NEURO ORATORIA Y STORYTELLING<\/strong><\/p>\n\n\n\n<p class=\"has-text-align-center has-ast-global-color-5-color has-text-color has-medium-font-size\"><strong>\u201cGENERA ALTO IMPACTO EN TUS PRESENTACIONES EN P\u00daBLICO\u201d<\/strong><\/p>\n<\/div><\/div>\n\n\n\n<div class=\"wp-block-media-text alignwide is-stacked-on-mobile is-vertically-aligned-top\"><figure class=\"wp-block-media-text__media\"><img loading=\"lazy\" decoding=\"async\" width=\"940\" height=\"788\" src=\"https:\/\/auraformacion.com.ar\/wp-content\/uploads\/2024\/01\/curso-neuro-oratoria.png\" alt=\"\" class=\"wp-image-2488 size-full\" srcset=\"https:\/\/auraformacion.com.ar\/wp-content\/uploads\/2024\/01\/curso-neuro-oratoria.png 940w, https:\/\/auraformacion.com.ar\/wp-content\/uploads\/2024\/01\/curso-neuro-oratoria-300x251.png 300w, https:\/\/auraformacion.com.ar\/wp-content\/uploads\/2024\/01\/curso-neuro-oratoria-768x644.png 768w\" sizes=\"auto, (max-width: 940px) 100vw, 940px\" \/><\/figure><div class=\"wp-block-media-text__content\">\n<p class=\"has-black-color has-text-color has-small-font-size\"><strong>MODALIDAD<\/strong>: Presencial.<\/p>\n\n\n\n<p><strong>DIRIGIDO A<\/strong>: Profesionales &#8211; Docentes &#8211; Estudiantes \u2013 P\u00fablico en Gral.<\/p>\n\n\n\n<p><strong>INVERSI\u00d3N<\/strong>: <strong>$14.000.<\/strong><\/p>\n\n\n\n<p><em>Incluye<\/em>:<\/p>\n\n\n\n<p>\u2013 acceso a campus virtual de Aura.<\/p>\n\n\n\n<p>\u2013 material del curso en pdf, diapositivas y videos con ejercicios.<\/p>\n\n\n\n<p>\u2013 clases te\u00f3rico-pr\u00e1cticas.<\/p>\n\n\n\n<p>\u2013 emisi\u00f3n de certificado.<\/p>\n\n\n\n<p><strong>CUPOS<\/strong>: limitados \u2013 grupo reducido. <strong>ADQUIERA YA SU LUGAR.<\/strong><\/p>\n\n\n\n<p><strong>CRONOGRAMA DE CLASES<\/strong>: <\/p>\n\n\n\n<ul class=\"wp-block-list\">\n<li>lunes 29 de enero, <\/li>\n\n\n\n<li>martes 30 de enero, <\/li>\n\n\n\n<li>mi\u00e9rcoles 31 de enero, <\/li>\n\n\n\n<li>jueves 1 de febrero y <\/li>\n\n\n\n<li>viernes 2 de febrero <\/li>\n<\/ul>\n\n\n\n<p><strong>Horario<\/strong>: de 18 a 21 Hs.<\/p>\n\n\n\n<p><strong>LUGAR<\/strong>: Microcentro \u2013 San Salvador de Jujuy.<\/p>\n\n\n\n<p><strong>CERTIFICACI\u00d3N<\/strong>: Certificado emitido por el Estudio AURA.<\/p>\n\n\n\n<p><strong>ORGANIZA<\/strong>: Aura \u2018Estudio de Neurociencias y Comunicaci\u00f3n\u2019<\/p>\n\n\n\n<p class=\"has-small-font-size\"><strong>DICTADO POR<\/strong>: Fabiana Ruiz <em>(Licenciada en comunicaci\u00f3n social &#8211; Neurosicoeducadora &#8211; Coach ontol\u00f3gico )<\/em> <strong><strong><em><a rel=\"noreferrer noopener\" href=\"https:\/\/auraformacion.com.ar\/index.php\/cv-fabiana-ruiz\/\" target=\"_blank\">M\u00c1S INFO DE LA DISERTANTE\u2026<\/a><\/em><\/strong><\/strong><\/p>\n<\/div><\/div>\n\n\n\n<div class=\"wp-block-media-text alignwide has-media-on-the-right is-stacked-on-mobile is-vertically-aligned-top\"><div class=\"wp-block-media-text__content\">\n<p>Expresarte bien es uno de las habilidades m\u00e1s importantes que puedes desarrollar.<\/p>\n\n\n\n<p>Hay veces que tenemos que argumentar bien para convencer a otros, apelando a su raz\u00f3n y sobre todo a su emoci\u00f3n. Otras tenemos que hablar con seguridad para presentar lo que estamos haciendo, proponiendo o, en el caso de un examen, lo que estudiamos. Y otras tenemos que pensar una buena historia para transmitir una idea, vender un producto o servicio, o conseguir adeptos.<\/p>\n\n\n\n<p>Este curso lograr\u00e1 que tus palabras ganen el respeto y la admiraci\u00f3n de tu p\u00fablico. Con \u00e9l aprender\u00e1s desde c\u00f3mo vencer el miedo esc\u00e9nico, hasta c\u00f3mo tener la facilidad para pronunciar un discurso.<\/p>\n\n\n\n<p>Lograr\u00e1s obtener estrategias para motivar y convencer a tu p\u00fablico, sostener conversaciones persuasivas, contar historias que conecten, hacer presentaciones efectivas y tener una imagen que cautive.<\/p>\n\n\n\n<p>Impacta y aprende a captar a tu audiencia, conect\u00e1ndote con ella a trav\u00e9s del arte de hablar bien en p\u00fablico, el manejo de las emociones, tu tono de voz y tu lenguaje corporal.<\/p>\n\n\n\n<p>Este curso ofrece un espacio \u00fanico de entrenamiento en la elaboraci\u00f3n efectiva de presentaciones profesionales de alto impacto.<\/p>\n\n\n\n<p>Te proponemos trabajar en forma personalizada facilitando la exploraci\u00f3n pr\u00e1ctica de tus recursos expresivos para que logres una puesta en escena ideal en la que cada elemento contribuya efectivamente a la comunicaci\u00f3n de tu mensaje y a contar la historia que quer\u00e9s contar.&nbsp;<\/p>\n<\/div><figure class=\"wp-block-media-text__media\"><img loading=\"lazy\" decoding=\"async\" width=\"1024\" height=\"1024\" src=\"https:\/\/auraformacion.com.ar\/wp-content\/uploads\/2024\/01\/IMAGEN-2.jpeg\" alt=\"\" class=\"wp-image-2486 size-full\" srcset=\"https:\/\/auraformacion.com.ar\/wp-content\/uploads\/2024\/01\/IMAGEN-2.jpeg 1024w, https:\/\/auraformacion.com.ar\/wp-content\/uploads\/2024\/01\/IMAGEN-2-300x300.jpeg 300w, https:\/\/auraformacion.com.ar\/wp-content\/uploads\/2024\/01\/IMAGEN-2-150x150.jpeg 150w, https:\/\/auraformacion.com.ar\/wp-content\/uploads\/2024\/01\/IMAGEN-2-768x768.jpeg 768w\" sizes=\"auto, (max-width: 1024px) 100vw, 1024px\" \/><\/figure><\/div>\n\n\n\n<div class=\"wp-block-media-text is-stacked-on-mobile is-vertically-aligned-top\"><figure class=\"wp-block-media-text__media\"><img loading=\"lazy\" decoding=\"async\" width=\"1024\" height=\"1024\" src=\"https:\/\/auraformacion.com.ar\/wp-content\/uploads\/2024\/01\/IMAGEN-4.jpeg\" alt=\"\" class=\"wp-image-2489 size-full\" srcset=\"https:\/\/auraformacion.com.ar\/wp-content\/uploads\/2024\/01\/IMAGEN-4.jpeg 1024w, https:\/\/auraformacion.com.ar\/wp-content\/uploads\/2024\/01\/IMAGEN-4-300x300.jpeg 300w, https:\/\/auraformacion.com.ar\/wp-content\/uploads\/2024\/01\/IMAGEN-4-150x150.jpeg 150w, https:\/\/auraformacion.com.ar\/wp-content\/uploads\/2024\/01\/IMAGEN-4-768x768.jpeg 768w\" sizes=\"auto, (max-width: 1024px) 100vw, 1024px\" \/><\/figure><div class=\"wp-block-media-text__content\">\n<p class=\"has-vivid-purple-color has-text-color\"><strong>CONTENIDO TEM\u00c1TICO<\/strong><\/p>\n\n\n\n<p class=\"has-vivid-purple-color has-text-color\"><strong>BLOQUE 1<\/strong><\/p>\n\n\n\n<p><strong>Introducci\u00f3n a la Neuro Oratoria<\/strong><\/p>\n\n\n\n<ul class=\"wp-block-list\">\n<li>Neurociencias y oratoria.<\/li>\n\n\n\n<li>El miedo esc\u00e9nico y c\u00f3mo manejarlo.<\/li>\n\n\n\n<li>La gesticulaci\u00f3n.<\/li>\n\n\n\n<li>El poder de la mirada.<\/li>\n\n\n\n<li>Interpretar lo que dice y lo que no dice el p\u00fablico.<\/li>\n<\/ul>\n\n\n\n<p class=\"has-vivid-purple-color has-text-color\"><strong>BLOQUE 2<\/strong><\/p>\n\n\n\n<p><strong>Expresi\u00f3n oral y mensaje<\/strong><\/p>\n\n\n\n<ul class=\"wp-block-list\">\n<li>Pronunciaci\u00f3n, modulaci\u00f3n, vocalizaci\u00f3n y dicci\u00f3n.<\/li>\n\n\n\n<li>Seguridad al hablar y claridad de expresi\u00f3n.<\/li>\n\n\n\n<li>Adecuar el mensaje al p\u00fablico y a las circunstancias.<\/li>\n<\/ul>\n\n\n\n<p class=\"has-vivid-purple-color has-text-color\"><strong>BLOQUE 3<\/strong><\/p>\n\n\n\n<p><strong>Impactar al cerebro del p\u00fablico<\/strong><\/p>\n\n\n\n<ul class=\"wp-block-list\">\n<li>Estructura y funciones del cerebro.<\/li>\n\n\n\n<li>Atenci\u00f3n, percepci\u00f3n, memoria y aprendizaje del p\u00fablico.<\/li>\n\n\n\n<li>Sesgos cognitivos en oratoria.<\/li>\n\n\n\n<li>Imagen personal y profesional del orador.<\/li>\n\n\n\n<li>Manejo del color.<\/li>\n<\/ul>\n\n\n\n<p class=\"has-vivid-purple-color has-text-color\"><strong>BLOQUE 4<\/strong><\/p>\n\n\n\n<p><strong>Neuro oratoria emocional<\/strong><\/p>\n\n\n\n<ul class=\"wp-block-list\">\n<li>Neuro t\u00e9cnicas para el dise\u00f1o de presentaciones digitales.<\/li>\n\n\n\n<li>La conexi\u00f3n emocional con el p\u00fablico.<\/li>\n\n\n\n<li>Los 4 niveles mentales.<\/li>\n\n\n\n<li>Los canales de representaci\u00f3n.<\/li>\n\n\n\n<li>Neuro persuadir al p\u00fablico.<\/li>\n<\/ul>\n\n\n\n<p class=\"has-vivid-purple-color has-text-color\"><strong>BLOQUE 5<\/strong><\/p>\n\n\n\n<p><strong>Storytelling, el arte de contar historias<\/strong><\/p>\n\n\n\n<ul class=\"wp-block-list\">\n<li>Comunica tu identidad y tus valores.<\/li>\n\n\n\n<li>Transformar ideas en historias.<\/li>\n\n\n\n<li>Creaci\u00f3n de storytelling. Arquetipos y argumentos.<\/li>\n\n\n\n<li>Desarrollo de habilidades discursivas a trav\u00e9s de ejercicios.<\/li>\n\n\n\n<li>Pr\u00e1ctica en contextos de improvisaci\u00f3n y urgencia a trav\u00e9s de role playing.<\/li>\n<\/ul>\n<\/div><\/div>\n\n\n\n<div class=\"wp-block-columns is-layout-flex wp-container-core-columns-is-layout-28f84493 wp-block-columns-is-layout-flex\">\n<div class=\"wp-block-column is-layout-flow wp-block-column-is-layout-flow\" style=\"flex-basis:100%\">\n<div class=\"wp-block-columns alignfull is-layout-flex wp-container-core-columns-is-layout-28f84493 wp-block-columns-is-layout-flex\">\n<div class=\"wp-block-column is-vertically-aligned-bottom is-layout-flow wp-block-column-is-layout-flow\" style=\"flex-basis:100%\">\n<p class=\"has-vivid-purple-color has-text-color has-medium-font-size\"><strong>ADQUIERA YA EL CURSO DE NEURO ORATORIA Y STORYTELLING:<\/strong><\/p>\n\n\n\n<p class=\"has-vivid-red-color has-text-color\">Pague\u00a0<strong>$14.000\u00a0<\/strong>a trav\u00e9s de:<\/p>\n\n\n\n<div class=\"wp-block-media-text is-stacked-on-mobile\" style=\"grid-template-columns:28% auto\"><figure class=\"wp-block-media-text__media\"><img loading=\"lazy\" decoding=\"async\" width=\"1024\" height=\"538\" src=\"https:\/\/auraformacion.com.ar\/wp-content\/uploads\/2024\/01\/logo-mercadopago-1-1024x538.jpg\" alt=\"\" class=\"wp-image-2491 size-full\" srcset=\"https:\/\/auraformacion.com.ar\/wp-content\/uploads\/2024\/01\/logo-mercadopago-1-1024x538.jpg 1024w, https:\/\/auraformacion.com.ar\/wp-content\/uploads\/2024\/01\/logo-mercadopago-1-300x158.jpg 300w, https:\/\/auraformacion.com.ar\/wp-content\/uploads\/2024\/01\/logo-mercadopago-1-768x403.jpg 768w, https:\/\/auraformacion.com.ar\/wp-content\/uploads\/2024\/01\/logo-mercadopago-1.jpg 1200w\" sizes=\"auto, (max-width: 1024px) 100vw, 1024px\" \/><\/figure><div class=\"wp-block-media-text__content\">\n<script src=\"https:\/\/www.mercadopago.com.ar\/integrations\/v1\/web-payment-checkout.js\"\ndata-preference-id=\"26082614-b0dd4951-2253-4539-a317-4a00cc144e2d\" data-source=\"button\">\n<\/script>\n<\/div><\/div>\n<\/div>\n<\/div>\n<\/div>\n<\/div>\n\n\n\n<p>En Mercado Pago puede abonar con:<\/p>\n\n\n\n<ul class=\"wp-block-list\">\n<li>Tarjeta de d\u00e9bito&nbsp;<em>(Visa, Cabal y Maestro)<\/em><\/li>\n\n\n\n<li>Tarjeta de cr\u00e9dito con financiaci\u00f3n en cuotas a trav\u00e9s de Mercado Pago&nbsp;<em>(Visa, Mastercard, Cabal, American Express, Naranja, Argencard, Nativa, Tarjeta Shopping, Cencosud, Diners Club, Cordobesa, Falabella)<\/em><\/li>\n\n\n\n<li>Dinero en su cuenta de Mercado Pago<\/li>\n\n\n\n<li>En efectivo a trav\u00e9s de Rapipago o Pagofacil.<\/li>\n\n\n\n<li><strong>IMPORTANTE<\/strong>: UNA VEZ QUE ADQUIERA EL CURSO COMUN\u00cdQUESE AL 388-4091-851 PARA INFORMAR EL PAGO.<\/li>\n<\/ul>\n\n\n\n<p class=\"has-vivid-purple-color has-text-color has-medium-font-size\"><strong>PARA ABONAR A TRAV\u00c9S DE TRANSFERENCIA BANCARIA<\/strong>:<\/p>\n\n\n\n<p class=\"has-black-color has-text-color has-medium-font-size\">comun\u00edquese al 388-4091-851.<\/p>\n\n\n\n<hr class=\"wp-block-separator has-css-opacity alignfull\"\/>\n\n\n\n<p class=\"has-text-align-left\" style=\"font-size:25px\"><strong><mark style=\"background-color:rgba(0, 0, 0, 0)\" class=\"has-inline-color has-vivid-purple-color\">WEBINAR GRATUITA &#8220;CONVERSACIONES EFECTIVAS&#8221;<\/mark><\/strong><\/p>\n\n\n\n<p class=\"has-text-align-left has-medium-font-size\"><mark style=\"background-color:rgba(0, 0, 0, 0)\" class=\"has-inline-color has-black-color\">Entra en el mundo de la oratoria y comienza tu formaci\u00f3n.<\/mark><\/p>\n\n\n\n<div class=\"wp-block-media-text is-stacked-on-mobile\"><figure class=\"wp-block-media-text__media\"><img loading=\"lazy\" decoding=\"async\" width=\"1024\" height=\"1024\" src=\"https:\/\/auraformacion.com.ar\/wp-content\/uploads\/2024\/01\/webinar-conversaciones-efectivas-2-1024x1024.png\" alt=\"\" class=\"wp-image-2518 size-full\" srcset=\"https:\/\/auraformacion.com.ar\/wp-content\/uploads\/2024\/01\/webinar-conversaciones-efectivas-2-1024x1024.png 1024w, https:\/\/auraformacion.com.ar\/wp-content\/uploads\/2024\/01\/webinar-conversaciones-efectivas-2-300x300.png 300w, https:\/\/auraformacion.com.ar\/wp-content\/uploads\/2024\/01\/webinar-conversaciones-efectivas-2-150x150.png 150w, https:\/\/auraformacion.com.ar\/wp-content\/uploads\/2024\/01\/webinar-conversaciones-efectivas-2-768x768.png 768w, https:\/\/auraformacion.com.ar\/wp-content\/uploads\/2024\/01\/webinar-conversaciones-efectivas-2.png 1080w\" sizes=\"auto, (max-width: 1024px) 100vw, 1024px\" \/><\/figure><div class=\"wp-block-media-text__content\">\n<p><strong>\ud83d\udc8e DISERTANTE<\/strong>: Fabiana Ruiz \u2013 Lic. en Comunicaci\u00f3n Social \u2013 Neurosicoeducadora \u2013 Coach.<\/p>\n\n\n\n<p><strong>\ud83d\udc8e CERTIFICACI\u00d3N<\/strong>: se entregar\u00e1 un certificado virtual de asistencia.<br><strong>\ud83d\udc8e DESTINATARIOS<\/strong>: personas que deseen potenciar su propia comunicaci\u00f3n, crecimiento personal y habilidades de liderazgo.<\/p>\n\n\n\n<p><strong>\ud83d\udc8e<\/strong><strong>&nbsp;CONTENIDOS<\/strong><strong>:<\/strong><\/p>\n\n\n\n<ul class=\"wp-block-list\">\n<li>Nuevo modelo comunicacional<\/li>\n\n\n\n<li>Dise\u00f1o de conversaciones efectivas<\/li>\n\n\n\n<li>Escucha activa<\/li>\n<\/ul>\n\n\n\n<p>El tema de la comunicaci\u00f3n es ante todo un asunto de relaciones e interdependencia. En esta \u201cera de la comunicaci\u00f3n\u201d, los avances tecnol\u00f3gicos no han logrado reducir la incomunicaci\u00f3n, la falta de entendimiento mutuo y mucho menos han facilitado resolver los problemas que tenemos al comunicarnos unos con otros.<\/p>\n\n\n\n<p>Al hablar de \u201cconversaciones\u201d, hablamos de una forma de distinguir la capacidad humana de utilizaci\u00f3n del lenguaje, capacidad que a su vez genera realidades. A trav\u00e9s de las conversaciones los seres humanos coordinamos acciones, reflexionamos, nos expresamos y nos relacionamos unos con otros.<\/p>\n\n\n\n<p>La calidad de las conversaciones que mantenemos determina la calidad de nuestras relaciones. Aprender estrategias que nos posibiliten un manejo m\u00e1s efectivo de nuestras conversaciones nos abrir\u00e1 nuevos caminos.<\/p>\n<\/div><\/div>\n\n\n\n<p><strong><em>RESERVA TU LUGAR COMPLETANDO EL SIGUIENTE FORMULARIO<\/em>, LOS CUPOS SON LIMITADOS:<\/strong><\/p>\n\n\n\n<iframe loading=\"lazy\" src=\"https:\/\/docs.google.com\/forms\/d\/e\/1FAIpQLScVw8PowagHI58NBCG1AIeVzY7SSBwuan62LVqxvKyt5VZzVw\/viewform?embedded=true\" width=\"640\" height=\"2089\" frameborder=\"0\" marginheight=\"0\" marginwidth=\"0\">Cargando\u2026<\/iframe>\n\n\n\n<p><strong>Si tiene inconvenientes con la carga desde este sitio, ingrese en el siguiente link:<\/strong> <a href=\"https:\/\/forms.gle\/MPL9cB9bsgZgiwFA9\" target=\"_blank\" rel=\"noreferrer noopener\">https:\/\/forms.gle\/MPL9cB9bsgZgiwFA9<\/a><\/p>\n","protected":false},"excerpt":{"rendered":"<p>Expresarte bien es uno de las habilidades m\u00e1s importantes que puedes desarrollar. Hay veces que tenemos que argumentar bien para convencer a otros, apelando a su raz\u00f3n y sobre todo a su emoci\u00f3n. Otras tenemos que hablar con seguridad para presentar lo que estamos haciendo, proponiendo o, en el caso de un examen, lo que [&hellip;]<\/p>\n","protected":false},"author":1,"featured_media":0,"parent":418,"menu_order":0,"comment_status":"closed","ping_status":"closed","template":"","meta":{"site-sidebar-layout":"default","site-content-layout":"plain-container","ast-site-content-layout":"normal-width-container","site-content-style":"unboxed","site-sidebar-style":"unboxed","ast-global-header-display":"","ast-banner-title-visibility":"","ast-main-header-display":"","ast-hfb-above-header-display":"","ast-hfb-below-header-display":"","ast-hfb-mobile-header-display":"","site-post-title":"disabled","ast-breadcrumbs-content":"","ast-featured-img":"","footer-sml-layout":"","ast-disable-related-posts":"","theme-transparent-header-meta":"enabled","adv-header-id-meta":"","stick-header-meta":"","header-above-stick-meta":"","header-main-stick-meta":"","header-below-stick-meta":"","astra-migrate-meta-layouts":"set","ast-page-background-enabled":"default","ast-page-background-meta":{"desktop":{"background-color":"","background-image":"","background-repeat":"repeat","background-position":"center center","background-size":"auto","background-attachment":"scroll","background-type":"","background-media":"","overlay-type":"","overlay-color":"","overlay-opacity":"","overlay-gradient":""},"tablet":{"background-color":"","background-image":"","background-repeat":"repeat","background-position":"center center","background-size":"auto","background-attachment":"scroll","background-type":"","background-media":"","overlay-type":"","overlay-color":"","overlay-opacity":"","overlay-gradient":""},"mobile":{"background-color":"","background-image":"","background-repeat":"repeat","background-position":"center center","background-size":"auto","background-attachment":"scroll","background-type":"","background-media":"","overlay-type":"","overlay-color":"","overlay-opacity":"","overlay-gradient":""}},"ast-content-background-meta":{"desktop":{"background-color":"var(--ast-global-color-5)","background-image":"","background-repeat":"repeat","background-position":"center center","background-size":"auto","background-attachment":"scroll","background-type":"","background-media":"","overlay-type":"","overlay-color":"","overlay-opacity":"","overlay-gradient":""},"tablet":{"background-color":"var(--ast-global-color-5)","background-image":"","background-repeat":"repeat","background-position":"center center","background-size":"auto","background-attachment":"scroll","background-type":"","background-media":"","overlay-type":"","overlay-color":"","overlay-opacity":"","overlay-gradient":""},"mobile":{"background-color":"var(--ast-global-color-5)","background-image":"","background-repeat":"repeat","background-position":"center center","background-size":"auto","background-attachment":"scroll","background-type":"","background-media":"","overlay-type":"","overlay-color":"","overlay-opacity":"","overlay-gradient":""}},"footnotes":""},"class_list":["post-1803","page","type-page","status-publish","hentry"],"_links":{"self":[{"href":"https:\/\/auraformacion.com.ar\/index.php\/wp-json\/wp\/v2\/pages\/1803","targetHints":{"allow":["GET"]}}],"collection":[{"href":"https:\/\/auraformacion.com.ar\/index.php\/wp-json\/wp\/v2\/pages"}],"about":[{"href":"https:\/\/auraformacion.com.ar\/index.php\/wp-json\/wp\/v2\/types\/page"}],"author":[{"embeddable":true,"href":"https:\/\/auraformacion.com.ar\/index.php\/wp-json\/wp\/v2\/users\/1"}],"replies":[{"embeddable":true,"href":"https:\/\/auraformacion.com.ar\/index.php\/wp-json\/wp\/v2\/comments?post=1803"}],"version-history":[{"count":91,"href":"https:\/\/auraformacion.com.ar\/index.php\/wp-json\/wp\/v2\/pages\/1803\/revisions"}],"predecessor-version":[{"id":2531,"href":"https:\/\/auraformacion.com.ar\/index.php\/wp-json\/wp\/v2\/pages\/1803\/revisions\/2531"}],"up":[{"embeddable":true,"href":"https:\/\/auraformacion.com.ar\/index.php\/wp-json\/wp\/v2\/pages\/418"}],"wp:attachment":[{"href":"https:\/\/auraformacion.com.ar\/index.php\/wp-json\/wp\/v2\/media?parent=1803"}],"curies":[{"name":"wp","href":"https:\/\/api.w.org\/{rel}","templated":true}]}}